{"id":640,"date":"2014-02-01T12:21:39","date_gmt":"2014-02-01T12:21:39","guid":{"rendered":"http:\/\/lmw-28if.de\/exbeatles\/?page_id=640"},"modified":"2014-03-03T14:50:45","modified_gmt":"2014-03-03T14:50:45","slug":"1999-band-on-the-run-25th-anniversary-edition","status":"publish","type":"page","link":"http:\/\/www.lmw-28if.de\/exbeatles\/?page_id=640","title":{"rendered":"1999 &#8211; &#8222;Band On The Run &#8211; 25th Anniversary Edition&#8220;"},"content":{"rendered":"<p style=\"text-align: center;\"><a href=\"http:\/\/lmw-28if.de\/exbeatles\/wp-content\/uploads\/2014\/02\/BOTR_25th_anniversary.jpg\"><img loading=\"lazy\" decoding=\"async\" class=\"alignnone size-full wp-image-782\" alt=\"BOTR_25th_anniversary\" src=\"http:\/\/lmw-28if.de\/exbeatles\/wp-content\/uploads\/2014\/02\/BOTR_25th_anniversary.jpg\" width=\"300\" height=\"300\" srcset=\"http:\/\/www.lmw-28if.de\/exbeatles\/wp-content\/uploads\/2014\/02\/BOTR_25th_anniversary.jpg 300w, http:\/\/www.lmw-28if.de\/exbeatles\/wp-content\/uploads\/2014\/02\/BOTR_25th_anniversary-150x150.jpg 150w\" sizes=\"auto, (max-width: 300px) 100vw, 300px\" \/><\/a><\/p>\n<h1 style=\"text-align: center;\"><strong>Band On The Run<\/strong><\/h1>\n<h2 style=\"text-align: center;\"><strong>25th Anniversary Edition<\/strong><\/h2>\n<p style=\"text-align: center;\"><strong>Ver\u00f6ffentlicht:\u00a0 15. M\u00e4rz 1999<br \/>\nLP: EMI Parlophone 7243 4 99176 1 3<br \/>\nCD: EMI Parlophone 7243 4 99176 2 0<\/strong><\/p>\n<p style=\"text-align: justify;\">\n<p style=\"text-align: justify;\"><em><strong>Titel:<br \/>\n<\/strong><\/em><strong>CD 1:<\/strong><em><strong><br \/>\nBand On The Run \/ Jet \/ Bluebird \/ Mrs.Vandebilt \/ Let Me Roll It \/ Mamunia \/ No Words \/ Helen Wheels \/ Picasso&#8217;s Last Words (Drink To Me) \/ Nineteen Hundred And Eighty Five<\/strong><\/em><\/p>\n<p style=\"text-align: justify;\"><strong>CD 2:<\/strong><em><strong><br \/>\nPAUL McCARTNEY (Dialogue Intro) \/Band On The Run (Nicely Toasted Mix) \/ Band On The Run (Original)\/PAUL McCARTNEY (Dialogue link 1) \/ Band On The Run (Barn Rehearsal &#8211; 21 July 1989) \/ PAUL McCARTNEY (Dialogue link 2) \/Mamunia (Original)\/DENNY LAINE (Dialogue)\/Mamunia (Original)\/LINDA McCARTNEY (Dialogue)\/PAUL McCARTNEY (Dialogue link 3) \/ Bluebird (Live version &#8211; Australia 1975) \/ Bluebird (Original)\/PAUL McCARTNEY (Dialogue link 4) \/ PAUL McCARTNEY (Dialogue link 5) \/NO WORDS (Original)\/GEOFF EMERICK (Dialogue) \/ No Words (Original)\/PAUL McCARTNEY (Dialogue link 6) \/TONY VISCONTI (Dialogue)\/Band On The Run (original)\/TONY VISCONTI (Dialogue) \/ Jet (Original from Picasso&#8217;s Last Words) \/PAUL McCARTNEY (Dialogue Link 7) \/Jet (Original from Picasso&#8217;s Last Words) \/AL COURY (Dialogue) \/ Jet (Berlin Soundcheck &#8211; 3 September 1989) \/ PAUL McCARTNEY (Dialogue link 8) \/CLIVE ARROWSMITH (Dialogue) \/ Nineteen Hundred And Eighty Five (Original)\/PAUL McCARTNEY (Dialogue link 9) \/JAMES COBURN (Dialogue)\/PAUL McCARTNEY (Dialogue link 10) \/JOHN CONTEH (Dialogue) \/ Mrs. Vandebilt (original) \/ PAUL McCARTNEY (Dialogue link 11) \/ KENNY LYNCH (Dialogue) \/ Let Me Roll It (Cardington Rehearsal\u00a0 &#8211; 5 February 1993) \/ PAUL McCARTNEY (Dialogue link 13) \/Mrs. Vandebilt (Background)\/MICHAEL PARKINSON (Dialogue)\/LINDA McCARTNEY (Band On The Run Photo Shoot) (Dialogue)\/MICHAEL PARKINSON (Dialogue) \/ Helen Wheels (Crazed)\/PAUL McCARTNEY (Dialogue link 14) \/CHRISTOPHER LEE (Dialogue) \/ Band On The Run (Strum Bit) \/PAUL McCARTNEY (Dialogue link 15) \/CLEMENT FREUD (Dialogue) \/ Picasso&#8217;s Last Words (Original)\/PAUL McCARTNEY (Dialogue link 16) \/DUSTIN HOFFMAN (Dialogue) \/ Picasso&#8217;s Last Words (Drink To Me) (Acoustic version) \/ Band On The Run (Nicely Toasted Mix) \/PAUL McCARTNEY (Dialogue Link 17) \/ Band On The Run (Northern Comic Version)<\/strong><\/em><\/p>\n<p style=\"text-align: justify;\">In einem sch\u00f6n aufgemachten, erneut digital remasterten Boxset des Meisterwerks von 1973 sind zwei CDs, eine Poster-Reproduktion und ein Booklet mit informativen Liner Notes von Beatles-Archivar Mark Lewisohn enthalten. Die erste CD besteht aus dem regul\u00e4ren &#8222;Band On The Run&#8220;-Album inklusive &#8222;Helen Wheels&#8220;. Der zweite Silberling jedoch besteht aus rund 50 Minuten dokumentarischem Material. Hier h\u00f6rt man Ausschnitte der Originalsongs, Kommentare von Paul und Linda McCartney, Denny Laine, Tony Visconti (der an den Orchester-Overdubs arbeitete), eine ganze Reihe Interviews mit den Beteiligten des heute schon ikonenhaften Covermotivs und schlie\u00dflich Dustin Hoffman. Zus\u00e4tzlich gibt es unver\u00f6ffentlichte Version der bekannten Albumtracks, seien es Proben [&#8222;Band On The Run&#8220; (1989), &#8222;Let Me Roll It&#8220; (1993)] oder Soundchecks [&#8222;Jet&#8220; (1993)]. Unbegreiflich ist es allerdings, dass die h\u00f6renswerte Version von &#8222;Bluebird&#8220; (Australien 1975) nach noch nicht einmal einer Minute ausgeblendet wird.<\/p>\n<p style=\"text-align: justify;\">(\u00dcberarbeitung folgt)<\/p>\n","protected":false},"excerpt":{"rendered":"<p>Band On The Run 25th Anniversary Edition Ver\u00f6ffentlicht:\u00a0 15. M\u00e4rz 1999 LP: EMI Parlophone 7243 4 99176 1 3 CD: EMI Parlophone 7243 4 99176 2 0 Titel: CD 1: Band On The Run \/ Jet \/ Bluebird \/ Mrs.Vandebilt &hellip; <a href=\"http:\/\/www.lmw-28if.de\/exbeatles\/?page_id=640\">Weiterlesen <span class=\"meta-nav\">&rarr;<\/span><\/a><\/p>\n","protected":false},"author":1,"featured_media":0,"parent":0,"menu_order":0,"comment_status":"open","ping_status":"closed","template":"","meta":{"footnotes":""},"class_list":["post-640","page","type-page","status-publish","hentry"],"_links":{"self":[{"href":"http:\/\/www.lmw-28if.de\/exbeatles\/index.php?rest_route=\/wp\/v2\/pages\/640","targetHints":{"allow":["GET"]}}],"collection":[{"href":"http:\/\/www.lmw-28if.de\/exbeatles\/index.php?rest_route=\/wp\/v2\/pages"}],"about":[{"href":"http:\/\/www.lmw-28if.de\/exbeatles\/index.php?rest_route=\/wp\/v2\/types\/page"}],"author":[{"embeddable":true,"href":"http:\/\/www.lmw-28if.de\/exbeatles\/index.php?rest_route=\/wp\/v2\/users\/1"}],"replies":[{"embeddable":true,"href":"http:\/\/www.lmw-28if.de\/exbeatles\/index.php?rest_route=%2Fwp%2Fv2%2Fcomments&post=640"}],"version-history":[{"count":4,"href":"http:\/\/www.lmw-28if.de\/exbeatles\/index.php?rest_route=\/wp\/v2\/pages\/640\/revisions"}],"predecessor-version":[{"id":783,"href":"http:\/\/www.lmw-28if.de\/exbeatles\/index.php?rest_route=\/wp\/v2\/pages\/640\/revisions\/783"}],"wp:attachment":[{"href":"http:\/\/www.lmw-28if.de\/exbeatles\/index.php?rest_route=%2Fwp%2Fv2%2Fmedia&parent=640"}],"curies":[{"name":"wp","href":"https:\/\/api.w.org\/{rel}","templated":true}]}}