{"id":50,"date":"2013-12-09T16:20:19","date_gmt":"2013-12-09T16:20:19","guid":{"rendered":"http:\/\/lmw-28if.de\/exbeatles\/?page_id=50"},"modified":"2014-03-12T18:42:33","modified_gmt":"2014-03-12T18:42:33","slug":"startseite","status":"publish","type":"page","link":"http:\/\/www.lmw-28if.de\/exbeatles\/?page_id=50","title":{"rendered":"Home"},"content":{"rendered":"<p><img decoding=\"async\" class=\"aligncenter\" style=\"width: 370px; height: 215px;\" alt=\"\" src=\"http:\/\/www.ewetel.net\/%7Eansgar.bellersen\/together.jpg\" \/><\/p>\n<p style=\"text-align: justify;\"><em><strong>\u201eEs ist durchaus m\u00f6glich, ja. Ich wei\u00df nicht, warum zum Henker wir es tun sollten, aber es ist m\u00f6glich. Mir w\u00fcrde es Spa\u00df machen. Ich lasse mich von meinem Instinkt leiten und wei\u00dft du, wenn mich morgen der Gedanke \u00fcberk\u00e4me, dann w\u00fcrde ich sie anrufen und sagen: \u201aLos jetzt, lasst uns was machen!\u2019 Ich wei\u00df nicht genau. Wenn es passiert, dann passiert es. Meine Erinnerungen sind mittlerweile sehr angenehm, die Wunden verheilt. Wenn wir\u2019s machen, dann machen wir\u2019s. Wenn wir was aufnehmen, dann nehmen wir eben was auf. Mal sehen &#8230; alles ist in Ordnung, solange wir Musik machen.\u201c <\/strong><\/em><\/p>\n<h5 style=\"text-align: center;\" align=\"left\"><em>John Lennon in einem Fernsehinterview von 1973 \u00fcber eine m\u00f6gliche Beatles-Reunion<\/em><\/h5>\n<p style=\"text-align: justify;\">Und sie machten Musik &#8211; allerdings nicht zusammen. Aber der Reihe nach: Vier junge M\u00e4nner aus Liverpool erlebten binnen k\u00fcrzester Zeit den Aufstieg von der Garagenband zu den bis heute un\u00fcbertroffenen Majest\u00e4ten der Pop- und Rockmusik. In atemberaubenden Tempo und mit offenbar nicht versiegender Kreativit\u00e4t setzten sie immer wieder k\u00fcnstlerische Ma\u00dfst\u00e4be, schufen Klassiker um Klassiker. Die Trennung der Gruppe im Jahr 1970 hingegen war unumg\u00e4nglich. Schon vor diesem Datum waren aus der eingeschworenen Gemeinschaft erwachsene M\u00e4nner geworden, deren Pers\u00f6nlichkeiten, Interessen und Ideen in unterschiedliche Richtungen gingen.<\/p>\n<p style=\"text-align: justify;\">Auf sich gestellt erreichten die Solisten nie den Zauber ihres Wirkens als The Beatles. Dies zeigen insbesondere die Ver\u00f6ffentlichungen der beiden musikalischen K\u00f6pfe. John Lennons Songs fehlten Schliff, Perfektion und Finesse McCartneys, w\u00e4hrend dieser in seiner Musik auch heute noch manchmal die Ecken und Kanten n\u00f6tig h\u00e4tte, die Lennons Kompositionen so reizvoll machen. Auch wenn George Harrison, der dritte gro\u00dfe Songschreiber der Band, ausdr\u00fccklich seine Emanzipation von Lennon und McCartney wollte, so haben seine Kompositionen zu Beatles-Zeiten doch auch in hohem Ma\u00dfe von den beiden \u00fcberm\u00e4chtigen Egos John und Paul profitiert. Ringo hingegen merkte schon schnell, dass er sich ohne &#8222;a little help from (his) friends&#8220; nicht ohne Weiteres im Musikgesch\u00e4ft behaupten konnte.<\/p>\n<p style=\"text-align: justify;\">Dennoch landeten alle vier ehemaligen Beatles auch als Solisten Welthits und lieferten k\u00fcnstlerisch wertvolle Alben ab. Diese Seiten m\u00f6chten Ihnen und euch das Schaffen der Ex-Beatles ausf\u00fchrlich vorstellen &#8211; auch wenn der \u00f6sterreichische Schriftsteller Franz Grillparzer schon im 19. Jahrhundert erkannte: &#8222;Beschriebene Musik ist wie erz\u00e4hltes Mittagessen.&#8220; Jedes Album wird zwar aus Sicht eines Fans beschrieben, aber dennoch kritisch beleuchtet und bewertet. Viel Spa\u00df beim St\u00f6bern auf diesen Seiten!<\/p>\n<p style=\"text-align: justify;\"><a href=\"http:\/\/lmw-28if.de\/exbeatles\/wp-content\/uploads\/2013\/12\/signatur_om_300.jpg\"><img loading=\"lazy\" decoding=\"async\" class=\"alignnone size-full wp-image-1178\" alt=\"signatur_om_300\" src=\"http:\/\/lmw-28if.de\/exbeatles\/wp-content\/uploads\/2013\/12\/signatur_om_300.jpg\" width=\"300\" height=\"94\" \/><\/a><\/p>\n","protected":false},"excerpt":{"rendered":"<p>\u201eEs ist durchaus m\u00f6glich, ja. Ich wei\u00df nicht, warum zum Henker wir es tun sollten, aber es ist m\u00f6glich. Mir w\u00fcrde es Spa\u00df machen. Ich lasse mich von meinem Instinkt leiten und wei\u00dft du, wenn mich morgen der Gedanke \u00fcberk\u00e4me, &hellip; <a href=\"http:\/\/www.lmw-28if.de\/exbeatles\/?page_id=50\">Weiterlesen <span class=\"meta-nav\">&rarr;<\/span><\/a><\/p>\n","protected":false},"author":1,"featured_media":0,"parent":0,"menu_order":0,"comment_status":"closed","ping_status":"closed","template":"","meta":{"footnotes":""},"class_list":["post-50","page","type-page","status-publish","hentry"],"_links":{"self":[{"href":"http:\/\/www.lmw-28if.de\/exbeatles\/index.php?rest_route=\/wp\/v2\/pages\/50","targetHints":{"allow":["GET"]}}],"collection":[{"href":"http:\/\/www.lmw-28if.de\/exbeatles\/index.php?rest_route=\/wp\/v2\/pages"}],"about":[{"href":"http:\/\/www.lmw-28if.de\/exbeatles\/index.php?rest_route=\/wp\/v2\/types\/page"}],"author":[{"embeddable":true,"href":"http:\/\/www.lmw-28if.de\/exbeatles\/index.php?rest_route=\/wp\/v2\/users\/1"}],"replies":[{"embeddable":true,"href":"http:\/\/www.lmw-28if.de\/exbeatles\/index.php?rest_route=%2Fwp%2Fv2%2Fcomments&post=50"}],"version-history":[{"count":18,"href":"http:\/\/www.lmw-28if.de\/exbeatles\/index.php?rest_route=\/wp\/v2\/pages\/50\/revisions"}],"predecessor-version":[{"id":1958,"href":"http:\/\/www.lmw-28if.de\/exbeatles\/index.php?rest_route=\/wp\/v2\/pages\/50\/revisions\/1958"}],"wp:attachment":[{"href":"http:\/\/www.lmw-28if.de\/exbeatles\/index.php?rest_route=%2Fwp%2Fv2%2Fmedia&parent=50"}],"curies":[{"name":"wp","href":"https:\/\/api.w.org\/{rel}","templated":true}]}}