{"id":441,"date":"2014-01-30T21:08:46","date_gmt":"2014-01-30T21:08:46","guid":{"rendered":"http:\/\/lmw-28if.de\/exbeatles\/?page_id=441"},"modified":"2014-03-08T20:54:41","modified_gmt":"2014-03-08T20:54:41","slug":"2005-concert-for-bangla-desh-remastered","status":"publish","type":"page","link":"http:\/\/www.lmw-28if.de\/exbeatles\/?page_id=441","title":{"rendered":"2005 &#8211; &#8222;Concert For Bangladesh&#8220; (Remixed)"},"content":{"rendered":"<p style=\"text-align: center;\"><img decoding=\"async\" style=\"width: 300px; height: 300px;\" alt=\"\" src=\"http:\/\/www.ewetel.net\/%7Eansgar.bellersen\/bilder\/bangla_rem.jpg\" \/><\/p>\n<h1 style=\"text-align: center;\"><strong>The Concert For Bangladesh<\/strong><\/h1>\n<h2 style=\"text-align: center;\"><strong>Remixed<\/strong><\/h2>\n<p style=\"text-align: center;\"><strong>Ver\u00f6ffentlicht:\u00a0 4. November 2005<br \/>\n<strong>LP: Keine Ver\u00f6ffentlichung<\/strong><br \/>\nCD: Apple \/ Sony BMG Epic 828767 29862 7<\/strong><\/p>\n<p>&nbsp;<\/p>\n<p style=\"text-align: justify;\"><em><strong>Titel:<\/strong><\/em><br \/>\n<strong>CD 1:<\/strong><br \/>\n<em><strong>Introduction By George Harrison &amp; Ravi Shankar \/ Bangla Dhun (Ravi Shankar) \/ Wah-Wah \/ My Sweet Lord \/ Awaiting On You All \/ That&#8217;s The Way God Planned It (Billy Preston) \/ It Don&#8217;t Come Easy (Ringo Starr) \/ Beware Of Darkness \/ Band Introduction \/ While My Guitar Gently Weeps<\/strong><\/em><\/p>\n<p style=\"text-align: justify;\"><strong>CD 2:<\/strong><br \/>\n<em><strong>Medley: Jumpin&#8216; Jack Flash &#8211; Youngblood (Leon Russell) \/ Here Comes The Sun \/ A Hard Rain&#8217;s Gonna Fall (Bob Dylan) \/ It Takes A Lot To Laugh, It Takes A Train To Cry (Bob Dylan) \/ Blowin&#8216; In The Wind (Bob Dylan) \/ Mr. Tambourine Man (Bob Dylan) \/ Just Like A Woman (Bob Dylan) \/ Something \/ Bangla Desh<\/strong><\/em><br \/>\n<em><strong>Additional Track: Love Minus Zero &#8211; No Limit (Bob Dylan)<\/strong><\/em><\/p>\n<p style=\"text-align: justify;\">\n<p style=\"text-align: justify;\">Im Sommer seines Todesjahres begann George Harrison, die alten Aufnahmen des &#8222;Concert For Bangla Desh&#8220; tontechnisch neu abzumischen. Die Arbeit an diesem Remix wurde nach Georges Tod im November 2001 auf Eis gelegt. Zun\u00e4chst war es wichtiger, die letzten Aufnahmen von George Harrison zu ver\u00f6ffentlichen (&#8222;Brainwashed&#8220;, 2002).<\/p>\n<p style=\"text-align: justify;\">2005, immerhin 14 Jahre nach der Erstver\u00f6ffentlichung auf CD, erschien schlie\u00dflich der gut dreieinhalb Jahrzehnte alte Konzertmitschnitt (ausf\u00fchrliche Rezension siehe &#8222;<a href=\"http:\/\/www.ex-beatles.de\/?page_id=492\">The Concert For Bangla Desh<\/a>&#8222;) aus dem New Yorker Madison Square Garden. Das gro\u00dfe Plus dieser Wiederver\u00f6ffentlichung ist der unbestritten bessere Sound im Vergleich mit der urspr\u00fcnglichen Ausgabe. Wie auch beim Remaster von &#8222;All Things Must Pass&#8220; liegt nun ein Zugewinn an nat\u00fcrlicher Dynamik (insbesondere im Bassbereich) in einen differenzierten Klangbild vor. Eine Herkulesaufgabe, wenn man bedenkt, wie alt diese Live-Aufnahme ist und wie viele Musiker damals auf der B\u00fchne standen. Kein anderer Aspekt als die klangliche Verbesserung ist bei einem Remaster (in diesem Fall: Remix) wichtiger. Und trotzdem ist diese Ver\u00f6ffentlichung auch kritisch zu betrachten.<\/p>\n<p style=\"text-align: justify;\">Kenner der bisherigen LP- und CD-Ausgaben wunderten sich bald \u00fcber recht deutliche Ver\u00e4nderungen. So hatte man diverse auf den Erstausgaben noch enthaltene Ansagen und auch Publikumsreaktionen herausgeschnitten. Dar\u00fcber hinaus hat man sowohl Georges Slidegitarre, mit der er Bob Dylan bei dessen Auftritt begleitete ebenso weiter in den Hintergrund gemischt wie auch den Background-Chorgesang bei &#8222;Jumping Jack Flash&#8220; und &#8222;That&#8217;s The Way God Planned It&#8220;. Vom &#8222;Concert For Bangla Desh&#8220; gab es ein Nachmittags- und ein Abendkonzert. Es bleibt r\u00e4tselhaft, warum &#8222;Wah-Wah&#8220; hier in einer im Vergleich zum Konzertfilm (Mitschnitt des Auftritts vom Abend) k\u00fcrzeren Fassung vertreten ist und Leon Russells &#8222;Youngblood&#8220; hingegen vom Abendkonzert stammt. Was den Harrison-Fan jedoch am meisten wurmt ist die Tatsache, dass es beim Remix des &#8222;Concert For Bangla Desh&#8220; vers\u00e4umt wurde, nun erstmals die Liveversion von &#8222;Hear Me Lord&#8220; zu pr\u00e4sentieren. Dieser Song vom &#8222;All Things Must Pass&#8220;-Album wurde ausschlie\u00dflich w\u00e4hrend des Nachmittagskonzerts gespielt und lag bisher nur als klanglich sehr schlechter Bootleg-Mitschnitt vor. Dass &#8222;Hear Me Lord&#8220; nun immer noch nicht das Licht der \u00d6ffentlichkeit erblickt hat, ist mehr als bedauerlich. Den Vorzug erhielt der zweite Song, der nicht beim Abendkonzert gespielt wurde: Bob Dylans &#8222;Love Minus Zero\/No Limit&#8220;.<\/p>\n<p style=\"text-align: justify;\">Auch die Gestaltung des Covers ist komplett ver\u00e4ndert worden. Das Original zeigte den ausgemergelten K\u00f6rper eines Fl\u00fcchtlings-Kleinkindes. Nun ziert ein nachbearbeitetes Konzertfoto von George Harrison die H\u00fclle. B\u00f6se interpretiert k\u00f6nnte man behaupten, dass man bef\u00fcrchtete, dass eine CD mit dem Foto eines hungernden Kindes auf dem Cover weniger K\u00e4ufer finden w\u00fcrde. Unabh\u00e4ngig davon ist das von Wherefore Art? gestaltete Gesamtpaket k\u00fcnstlerisch gelungen. Die Doppel-CD &#8211; \u00fcbrigens zeitgleich mit dem ausgezeichnet restaurierten Film des Benefizkonzerts erschienen &#8211; kommt als aufklappbare kleine Box daher. Im Innern befinden sich die beiden CDs in je einer Papph\u00fclle. Das beigef\u00fcgte Booklet besteht aus 32 reich bebilderten Seiten mit etlichen Fotos, die im urspr\u00fcnglichen Beiheft nicht enthalten waren. Zitate der mitwirkenden Musiker, Hintergrundinformationen \u00fcber das damalige Fl\u00fcchtlingsdrama, aktuelle Geleitworte des Pr\u00e4sidenten des U.S. Fund for UNICEF und schlie\u00dflich auch Ravi Shankars erg\u00e4nzen die Illustrationen. Zus\u00e4tzlich wurde noch ein einzelnes Blatt beigelegt, das \u00fcber den George Harrison Fund for UNICEF informiert, der bis heute immer noch Projekte in Bangladesch unterst\u00fctzt.<\/p>\n<p style=\"text-align: justify;\">So bleibt festzuhalten, dass es sich beim Remaster des &#8222;Concert For Bangla Desh&#8220; um eines der wichtigsten Dokumente der Geschichte der Rock- bzw. Benefizkonzerte handelt, das man klangtechnisch gut aufpoliert hat. Trotz einiger inhaltlicher Ver\u00e4nderungen und des Vers\u00e4umnisses, &#8222;Hear Me Lord&#8220; nicht auch als Bonus-Track aufzunehmen, z\u00e4hlt am Ende die Musik, und diese ist hier gut pr\u00e4sentiert.<\/p>\n<p><strong>Anspieltipps:<\/strong><\/p>\n<p style=\"text-align: justify;\">Wah-Wah \/ That&#8217;s The Way God Planned It \/ It Don&#8217;t Come Easy \/ While My Guitar Gently Weeps \/ Here Comes The Sun \/ A Hard Rain&#8217;s Gonna Fall \/ Bangla Desh \/Love Minus Zero-No Limit<\/p>\n<p><strong>Bewertung:<\/strong><\/p>\n<h2><small><img decoding=\"async\" alt=\"George\" src=\"http:\/\/www.ewetel.net\/%7Eansgar.bellersen\/bilder\/george.gif\" \/><\/small><small><img decoding=\"async\" alt=\"George\" src=\"http:\/\/www.ewetel.net\/%7Eansgar.bellersen\/bilder\/george.gif\" \/><\/small><small><img decoding=\"async\" alt=\"George\" src=\"http:\/\/www.ewetel.net\/%7Eansgar.bellersen\/bilder\/george.gif\" \/><\/small><small><img decoding=\"async\" alt=\"George\" src=\"http:\/\/www.ewetel.net\/%7Eansgar.bellersen\/bilder\/george.gif\" \/><\/small>\u00a0<strong><\/strong><\/h2>\n<p><strong>Pressestimmen:<\/strong><\/p>\n<p><em>&#8222;&#8230; this concert really proved what can be attained when top musicians get together for a cause. Musically it was simply brillant!&#8220;\u00a0 &#8211; New Musical Express, 7. August 1971<\/em><\/p>\n<p><em>&#8222;So viel Soul war bis dahin selten im Mainstream-Pop zu h\u00f6ren&#8220;\u00a0 &#8211; stereoplay, 12\/2005<\/em><\/p>\n<p>&nbsp;<\/p>\n","protected":false},"excerpt":{"rendered":"<p>The Concert For Bangladesh Remixed Ver\u00f6ffentlicht:\u00a0 4. November 2005 LP: Keine Ver\u00f6ffentlichung CD: Apple \/ Sony BMG Epic 828767 29862 7 &nbsp; Titel: CD 1: Introduction By George Harrison &amp; Ravi Shankar \/ Bangla Dhun (Ravi Shankar) \/ Wah-Wah \/ &hellip; <a href=\"http:\/\/www.lmw-28if.de\/exbeatles\/?page_id=441\">Weiterlesen <span class=\"meta-nav\">&rarr;<\/span><\/a><\/p>\n","protected":false},"author":1,"featured_media":0,"parent":0,"menu_order":0,"comment_status":"open","ping_status":"closed","template":"","meta":{"footnotes":""},"class_list":["post-441","page","type-page","status-publish","hentry"],"_links":{"self":[{"href":"http:\/\/www.lmw-28if.de\/exbeatles\/index.php?rest_route=\/wp\/v2\/pages\/441","targetHints":{"allow":["GET"]}}],"collection":[{"href":"http:\/\/www.lmw-28if.de\/exbeatles\/index.php?rest_route=\/wp\/v2\/pages"}],"about":[{"href":"http:\/\/www.lmw-28if.de\/exbeatles\/index.php?rest_route=\/wp\/v2\/types\/page"}],"author":[{"embeddable":true,"href":"http:\/\/www.lmw-28if.de\/exbeatles\/index.php?rest_route=\/wp\/v2\/users\/1"}],"replies":[{"embeddable":true,"href":"http:\/\/www.lmw-28if.de\/exbeatles\/index.php?rest_route=%2Fwp%2Fv2%2Fcomments&post=441"}],"version-history":[{"count":32,"href":"http:\/\/www.lmw-28if.de\/exbeatles\/index.php?rest_route=\/wp\/v2\/pages\/441\/revisions"}],"predecessor-version":[{"id":1889,"href":"http:\/\/www.lmw-28if.de\/exbeatles\/index.php?rest_route=\/wp\/v2\/pages\/441\/revisions\/1889"}],"wp:attachment":[{"href":"http:\/\/www.lmw-28if.de\/exbeatles\/index.php?rest_route=%2Fwp%2Fv2%2Fmedia&parent=441"}],"curies":[{"name":"wp","href":"https:\/\/api.w.org\/{rel}","templated":true}]}}