{"id":3664,"date":"2020-04-04T17:24:44","date_gmt":"2020-04-04T17:24:44","guid":{"rendered":"http:\/\/www.lmw-28if.de\/exbeatles\/?page_id=3664"},"modified":"2020-04-04T19:45:49","modified_gmt":"2020-04-04T19:45:49","slug":"paul-mccartney-hautnah-meine-jahre-mit-der-legende","status":"publish","type":"page","link":"http:\/\/www.lmw-28if.de\/exbeatles\/?page_id=3664","title":{"rendered":"Paul McCartney &#8211; Hautnah: Meine Jahre mit der Legende"},"content":{"rendered":"\n<p><\/p>\n\n\n\n<div class=\"wp-block-image\"><figure class=\"aligncenter\"><img loading=\"lazy\" decoding=\"async\" width=\"471\" height=\"660\" src=\"http:\/\/www.lmw-28if.de\/exbeatles\/wp-content\/uploads\/2020\/04\/01_macca_simon.jpg\" alt=\"\" class=\"wp-image-3667\" srcset=\"http:\/\/www.lmw-28if.de\/exbeatles\/wp-content\/uploads\/2020\/04\/01_macca_simon.jpg 471w, http:\/\/www.lmw-28if.de\/exbeatles\/wp-content\/uploads\/2020\/04\/01_macca_simon-214x300.jpg 214w\" sizes=\"auto, (max-width: 471px) 100vw, 471px\" \/><\/figure><\/div>\n\n\n\n<h2 class=\"wp-block-heading\" style=\"text-align:center\"><strong>Paul McCartney Hautnah<br>Meine Jahre mit der Legende<\/strong><\/h2>\n\n\n\n<h3 class=\"wp-block-heading\" style=\"text-align:center\" id=\"mce_5\"> <strong>Christian Simon<\/strong><br> <strong>Erstver\u00f6ffentlichung: 12. M\u00e4rz 2020<br>LangenM\u00fcller Stuttgart <\/strong><br><strong>320 Seiten plus CD-Beilage<\/strong><br><strong>ISBN: 978-3-7844-347456-2<\/strong><br><strong>Preis: 26,00 \u20ac\ufeff<\/strong><\/h3>\n\n\n\n<p style=\"text-align:left\">Wann immer sich eine deutschsprachige Buchver\u00f6ffentlichung zum Thema Beatles ank\u00fcndigt, neigt man als langj\u00e4hriger und entsprechend belesener Fan dazu, ganz genau abzuw\u00e4gen, ob das jeweilige Buch wirklich sein muss. Denn mittlerweile k\u00f6nnen ganze H\u00e4user mit Regalen voller Beatles-Publikationen ausgestattet werden. Bei Buchver\u00f6ffentlichungen \u00fcber die Ex-Beatles liegt die Hemmschwelle niedriger. Und wenn der Autor jemand ist, der einem noch als Moderator der in den sp\u00e4ten Siebzigern beliebten ZDF-Fernsehshow &#8222;Rockpop&#8220; bekannt ist, und der dar\u00fcber hinaus gut 20 Jahre lang sogar freundschaftlichen Kontakt zu Paul McCartney pflegte, dann schaut man schon genauer hin. Kurzum, der Kauf musste sein.<\/p>\n\n\n\n<figure class=\"wp-block-image\"><img loading=\"lazy\" decoding=\"async\" width=\"810\" height=\"591\" src=\"http:\/\/www.lmw-28if.de\/exbeatles\/wp-content\/uploads\/2020\/04\/02_macca_simon.jpg\" alt=\"\" class=\"wp-image-3668\" srcset=\"http:\/\/www.lmw-28if.de\/exbeatles\/wp-content\/uploads\/2020\/04\/02_macca_simon.jpg 810w, http:\/\/www.lmw-28if.de\/exbeatles\/wp-content\/uploads\/2020\/04\/02_macca_simon-300x219.jpg 300w, http:\/\/www.lmw-28if.de\/exbeatles\/wp-content\/uploads\/2020\/04\/02_macca_simon-768x560.jpg 768w, http:\/\/www.lmw-28if.de\/exbeatles\/wp-content\/uploads\/2020\/04\/02_macca_simon-600x438.jpg 600w\" sizes=\"auto, (max-width: 810px) 100vw, 810px\" \/><figcaption>Der Autor und seine Frau in ausgelassener Stimmung mit Paul McCartney<\/figcaption><\/figure>\n\n\n\n<p>Um es gleich vorweg zu nehmen: Das Buch konnte die m\u00f6glicherweise zu hohen Erwartungen leider nicht erf\u00fcllen. Aber waren die Erwartungen an jemanden, der fast zwei Jahrzehnte lang im intensiven Kontakt mit dem Ex-Beatle stand, wirklich zu hoch? Man k\u00f6nnte n\u00e4mlich durchaus annehmen, dass in einer solch langen Zeit nicht nur die hinl\u00e4nglich bekannten Themen besprochen werden. Das Vertrauen war offenbar da, so dass nach einer gewissen Zeit die Gespr\u00e4che auch mal in die Tiefe h\u00e4tten gehen k\u00f6nnen. Aber genau das passiert in &#8222;Paul McCartney Hautnah&#8220; einfach nicht. Wer sich nicht gerade erst frisch mit McCartney und den Beatles auseinandersetzt, erf\u00e4hrt so gut wie nichts Neues. Inhaltlich bewegt sich Simons Buch um Fragen und Antworten, die Paul McCartney so oder so \u00e4hnlich bereits in unz\u00e4hligen Interviews beantwortet hat. <\/p>\n\n\n\n<p>Der Anfang dieses Buchs ist vielleicht sogar der interessanteste Teil, denn hier schildert Christian Simon seinen Weg als junger RTL-Radiomoderator unter Frank Elstner bis zum sprichw\u00f6rtlichen Fu\u00df in der T\u00fcr von McCartneys B\u00fcro MPL am Londoner Soho Square. Mit List und T\u00fccke kommt Simon 1991 \u00fcber McCartneys langj\u00e4hrigen Publizisten Geoff Baker zu seiner ersten Begegnung mit der im Buchtitel angesprochenen Legende. Widrige Umst\u00e4nde lassen das versproche Interview beinahe platzen. Es klingt wie ein M\u00e4rchen, denn McCartney m\u00f6chte den Termin dennoch wahrnehmen und l\u00e4dt Christian Simon und dessen Frau zu sich nach Sussex ein. Hier erwischt Christian Simon einen guten Start und gewinnt schnell das Vertrauen des gut gelaunten und mitteilungsfreudigen Paul McCartney. Dieser berichtet \u00fcber bevorstehende Projekte wie den &#8222;Get Back&#8220;-Tourfilm, das &#8222;Liverpool Oratorio&#8220;, \u00fcber die Hamburger Zeit der Beatles, \u00fcber die wiedergefundene Freude an Live-Konzerten und andere Dinge mehr. Freilich, bei einer solchen ersten Begegnung verbieten sich tiefergehende oder sogar kritische Fragen von selbst.<\/p>\n\n\n\n<p>Aber viele weitere Begegnungen sollten folgen. Mit Paul und Linda McCartney, mit Geoff Baker und vor allen Dingen auch mit Mark Featherstone-Witty, der treibenden Kraft hinter der Gr\u00fcndung des Liverpool Institute for Performing Arts &#8211; kurz LIPA. Auch Featherstone-Witty  fasst schnell Vertrauen zu Christian Simon, der sich umgehend in Deutschland f\u00fcr LIPA stark macht und F\u00f6rderer mobilisiert. Die Beschreibung von Simons langj\u00e4hrigem Engagement f\u00fcr LIPA ist der zweite interessante Teil dieses Buchs. <\/p>\n\n\n\n<p>Doch je mehr Zeit vergeht, desto mehr wird die Chance verpasst, Paul McCartney einmal Dinge zu entlocken, die man eben nicht schon in einer Vielzahl von B\u00fcchern gelesen oder und vielen Interviews geh\u00f6rt hat. Es bleibt bei einer Aneinanderreihung von allgemein bekannten Geschichten. Lediglich gegen Ende, als es um Lindas Tod und um Paul McCartney unselige Ehe mit Heather Mills geht, kommt es zu kleinen Einblicken hinter Paul McCartneys fr\u00f6hliche Fassade. Dabei h\u00e4tten sich viele der in diesem Buch geschilderten Ereignisse aus McCartneys beispiellosen Leben angeboten, mehr in die Tiefe zu gehen. Leider bleibt es zu oberfl\u00e4chlich.<\/p>\n\n\n\n<p>Eine sch\u00f6ne Sache ist die beiliegende CD mit einer Laufzeit von etwa 25 Minuten. Hier h\u00f6rt man ausgew\u00e4hlte Antworten McCartneys aus den Gespr\u00e4chen mit Christian Simon. Ein letzter Kritikpunkt trifft die sprachliche Gestaltung von Christian Simons Erinnerungen und die \u00dcbersetzung der O-T\u00f6ne von Paul McCartney, Geoff Baker oder auch Mark Featherstone-Witty. Sowohl Simons Text liest sich manchmal sprachlich altbacken und unkritisch wie in Jugendzeitschriften der 60er und 70er Jahre, w\u00e4hrend die \u00dcbersetzungen unnat\u00fcrlich und aufgesetzt euphorisch wirken. <\/p>\n\n\n\n<p>Dies alles soll Christian Simons Rolle als wichtiger Ansprechpartner McCartneys in Deutschland und seine Verdienste um LIPA nat\u00fcrlich nicht schm\u00e4lern. F\u00fcr alle, die sich noch nicht lange mit Paul McCartney besch\u00e4ftigt haben, ist &#8222;Paul McCartney Hautnah&#8220; sicherlich ein lohnenswertes Buch. Der Rest wird vermutlich seine Entt\u00e4uschung nach der Lekt\u00fcre nicht leugnen k\u00f6nnen. <br><\/p>\n\n\n\n<figure class=\"wp-block-image\"><img loading=\"lazy\" decoding=\"async\" width=\"810\" height=\"610\" src=\"http:\/\/www.lmw-28if.de\/exbeatles\/wp-content\/uploads\/2020\/04\/03_macca_simon.jpg\" alt=\"\" class=\"wp-image-3669\" srcset=\"http:\/\/www.lmw-28if.de\/exbeatles\/wp-content\/uploads\/2020\/04\/03_macca_simon.jpg 810w, http:\/\/www.lmw-28if.de\/exbeatles\/wp-content\/uploads\/2020\/04\/03_macca_simon-300x226.jpg 300w, http:\/\/www.lmw-28if.de\/exbeatles\/wp-content\/uploads\/2020\/04\/03_macca_simon-768x578.jpg 768w, http:\/\/www.lmw-28if.de\/exbeatles\/wp-content\/uploads\/2020\/04\/03_macca_simon-600x452.jpg 600w\" sizes=\"auto, (max-width: 810px) 100vw, 810px\" \/><\/figure>\n","protected":false},"excerpt":{"rendered":"<p>Paul McCartney HautnahMeine Jahre mit der Legende Christian Simon Erstver\u00f6ffentlichung: 12. M\u00e4rz 2020LangenM\u00fcller Stuttgart 320 Seiten plus CD-BeilageISBN: 978-3-7844-347456-2Preis: 26,00 \u20ac\ufeff Wann immer sich eine deutschsprachige Buchver\u00f6ffentlichung zum Thema Beatles ank\u00fcndigt, neigt man als langj\u00e4hriger und entsprechend belesener Fan dazu, &hellip; <a href=\"http:\/\/www.lmw-28if.de\/exbeatles\/?page_id=3664\">Weiterlesen <span class=\"meta-nav\">&rarr;<\/span><\/a><\/p>\n","protected":false},"author":1,"featured_media":0,"parent":0,"menu_order":0,"comment_status":"open","ping_status":"closed","template":"","meta":{"footnotes":""},"class_list":["post-3664","page","type-page","status-publish","hentry"],"_links":{"self":[{"href":"http:\/\/www.lmw-28if.de\/exbeatles\/index.php?rest_route=\/wp\/v2\/pages\/3664","targetHints":{"allow":["GET"]}}],"collection":[{"href":"http:\/\/www.lmw-28if.de\/exbeatles\/index.php?rest_route=\/wp\/v2\/pages"}],"about":[{"href":"http:\/\/www.lmw-28if.de\/exbeatles\/index.php?rest_route=\/wp\/v2\/types\/page"}],"author":[{"embeddable":true,"href":"http:\/\/www.lmw-28if.de\/exbeatles\/index.php?rest_route=\/wp\/v2\/users\/1"}],"replies":[{"embeddable":true,"href":"http:\/\/www.lmw-28if.de\/exbeatles\/index.php?rest_route=%2Fwp%2Fv2%2Fcomments&post=3664"}],"version-history":[{"count":4,"href":"http:\/\/www.lmw-28if.de\/exbeatles\/index.php?rest_route=\/wp\/v2\/pages\/3664\/revisions"}],"predecessor-version":[{"id":3676,"href":"http:\/\/www.lmw-28if.de\/exbeatles\/index.php?rest_route=\/wp\/v2\/pages\/3664\/revisions\/3676"}],"wp:attachment":[{"href":"http:\/\/www.lmw-28if.de\/exbeatles\/index.php?rest_route=%2Fwp%2Fv2%2Fmedia&parent=3664"}],"curies":[{"name":"wp","href":"https:\/\/api.w.org\/{rel}","templated":true}]}}