{"id":366,"date":"2014-01-30T19:00:25","date_gmt":"2014-01-30T19:00:25","guid":{"rendered":"http:\/\/lmw-28if.de\/exbeatles\/?page_id=366"},"modified":"2014-03-03T14:47:56","modified_gmt":"2014-03-03T14:47:56","slug":"1986-menlove-ave","status":"publish","type":"page","link":"http:\/\/www.lmw-28if.de\/exbeatles\/?page_id=366","title":{"rendered":"1986 &#8211; &#8222;Menlove Ave.&#8220;"},"content":{"rendered":"<p style=\"text-align: center;\"><img decoding=\"async\" style=\"width: 300px; height: 300px;\" alt=\"\" src=\"http:\/\/www.ewetel.net\/%7Eansgar.bellersen\/bilder\/menlove.jpg\" \/><\/p>\n<h1 style=\"text-align: center;\"><strong>Menlove Ave.<\/strong><\/h1>\n<p style=\"text-align: center;\"><strong>Ver\u00f6ffentlicht:\u00a0 03. November 1986<br \/>\nLP: EMI\/Parlophone 1A 064 &#8211; 24 0658 1 (Deutschland)<br \/>\nCD: Capitol CDP 7 46576 2<\/strong><\/p>\n<p style=\"text-align: justify;\">\n<p style=\"text-align: justify;\"><em><strong>Titel:<br \/>\nHere We Go Again \/ Rock And Roll People \/ Angel Baby \/ Since My Baby Left Me \/ To Know Her\u00a0 Is To Love Her \/ Steel And Glass \/ Scared \/ Old Dirt Road \/ Nobody Loves You (When You&#8217;re Down And Out) \/ Bless You<\/strong><\/em><\/p>\n<p style=\"text-align: justify;\">Das hatte es seit &#8222;Walls And Bridges&#8220; (Oktober 1974) und &#8222;Rock&#8217;n&#8217;Roll&#8220; (Februar 1975) nicht mehr gegeben: Im Abstand von nur wenigen Monaten erscheinen gleich zwei Lennon-Alben. Und genau die beiden eingangs erw\u00e4hnten Werke sind der Ursprung dessen, was auf &#8222;Menlove Ave.&#8220; zu h\u00f6ren ist. Seite eins, d.h. im Zeitalter digitaler Tontr\u00e4ger: die Tracks 1 &#8211; 5 enthalten Outtakes der &#8222;Rock&#8217;n&#8217;Roll&#8220;-Sessions, w\u00e4hrend der Rest aus Rehearsal-Material von &#8222;Walls And Bridges&#8220; besteht. Die umgekehrte Reihenfolge r\u00fchrt daher, dass (\u00e4hnlich wie bei den Beatles &#8222;Let It Be&#8220; und &#8222;Abbey Road&#8220;) &#8222;Rock&#8217;n&#8217;Roll&#8220; zwar zuerst aufgenommen, aber erst nach &#8222;Walls And Bridges&#8220; vollendet wurde. Yoko Ono zog es wohl vor, hier der Chronologie zu entsprechen.<\/p>\n<p style=\"text-align: justify;\">F\u00fcr den Sammler am wertvollsten ist sicherlich die erste H\u00e4lfte des Albums, denn schlie\u00dflich sind alle f\u00fcnf Titel bis dahin unver\u00f6ffentlicht gewesen. Heute ist die Zusammenstellung weniger spektakul\u00e4r, da &#8222;Angel Baby&#8220;, &#8222;To Know Her Is To Love Her&#8220; und &#8222;Since My Baby Left Me&#8220; auch auf der remasterten CD-Ausgabe von &#8222;Rock&#8217;n&#8217;Roll&#8220; vertreten sind &#8211; allerdings in anderen Versionen. Diese Songs wie auch das nur auf &#8222;Menlove Ave.&#8220; zu findende &#8222;Here We Go Again&#8220; entstammen den von Phil Spector produzierten Sessions und geh\u00f6ren nicht unbedingt zu den unbestrittenen Klassikern von John Lennon. Das wahrscheinlich interessanteste St\u00fcck des &#8222;Rock&#8217;n&#8217;Roll&#8220;-Anteils von &#8222;Menlove Ave.&#8220; ist ein Song, das bereits im August 1973 im Rahmen der &#8222;Mind Games&#8220;-Sessions aufgenommen wurde: &#8222;Rock And Roll People&#8220;. Keine komplexe Komposition, sondern schlichter, aber packender Rock&#8217;n&#8217;Roll &#8211; die Paradedisziplin Lennons. Der Titel schaffte es jedoch weder auf &#8222;Mind Games&#8220; noch auf &#8222;Rock&#8217;n&#8217;Roll&#8220;. John Lennon gestattete es jedoch dem Bluesgitarristen Johnny Winter, eine eigene Version davon aufzunehmen, die schlie\u00dflich auf dessen 1974er Album &#8222;John Dawson Winter III&#8220; erschien.<\/p>\n<p style=\"text-align: justify;\">H\u00f6rt man die Schallplattenversion [\u00fcbrigens im Direct Metal Mastering-Verfahren (DMM) produziert] von &#8222;Menlove Ave.&#8220;, dann f\u00e4llt es nicht so stark ins Gewicht. Doch beim Abspielen der CD haben wir einen sehr harten atmosph\u00e4rischen Schnitt zwischen der Phil Spector-typischen bombastischen &#8222;Wall Of Sound&#8220; der Songs 1-5 und den vergleichsweise zarten Demofassungen der Titel, die f\u00fcr &#8222;Wall And Bridges&#8220; vorgesehen waren. John Lennons Interpretationen sind konzentriert und von unglaublicher Dichte und Pr\u00e4senz und sicherlich der h\u00f6renswertere Teil von &#8222;Menlove Ave.&#8220;. Bei &#8222;Steel And Glass&#8220;, wohl das Highlight dieses Albums, kann es John Lennon dennoch nicht lassen, seinen typischen Wortwitz einzubauen. Statt der Zeilen<\/p>\n<p style=\"text-align: justify;\"><em>\u201eThere you stand with your L.A. tan<br \/>\nAnd your New York walk and your New York talk\u201c<\/em><\/p>\n<p style=\"text-align: justify;\">ist Folgendes zu h\u00f6ren:<\/p>\n<p style=\"text-align: justify;\"><em>\u201eThere you stand with your toilet stand<br \/>\nAnd your Mickey Duck and your Donald Fuck\u201c<\/em><\/p>\n<p style=\"text-align: justify;\">Alle Songs von &#8222;Steel And Glass&#8220; bis &#8222;Bless You&#8220; sind unfertig, befinden sich im Probenstatus und \u00fcben aufgrund ihrer Intensit\u00e4t und Fragilit\u00e4t dennoch eine Faszination aus, wie man sie zuletzt auf &#8222;John Lennon \/ Plastic Ono Band&#8220; erleben konnte. Oft lenkte zu viel Produktions-Brimborium von Lennons eigentlichen Qualit\u00e4ten ab. Hier allerdings wird er in sparsamster Form begleitet vom Schlagzeuger Jim Keltner, dem Gitarristen Jesse Ed Davis und Klaus Voormann am Bass.\u00a0 Betrachtet man es in diesem Zusammenhang, so w\u00e4re Lennon heute ein ideale Besetzung f\u00fcr ein &#8222;Unplugged&#8220;- oder &#8222;Storytellers&#8220;-Konzert.<\/p>\n<p style=\"text-align: justify;\"><strong>Anspieltipps:<\/strong><\/p>\n<p style=\"text-align: justify;\">Rock And Roll People \/ Steel And Glass \/ Old Dirt Road<\/p>\n<p style=\"text-align: justify;\"><strong>Bewertung:<\/strong><\/p>\n<p style=\"text-align: justify;\"><small><img decoding=\"async\" alt=\"\" src=\"http:\/\/www.ewetel.net\/%7Eansgar.bellersen\/bilder\/john.gif\" \/><img decoding=\"async\" alt=\"\" src=\"http:\/\/www.ewetel.net\/%7Eansgar.bellersen\/bilder\/john.gif\" \/><img decoding=\"async\" alt=\"\" src=\"http:\/\/www.ewetel.net\/%7Eansgar.bellersen\/bilder\/john.gif\" \/><\/small><\/p>\n<p style=\"text-align: justify;\"><strong>Pressestimmen:<\/strong><\/p>\n","protected":false},"excerpt":{"rendered":"<p>Menlove Ave. Ver\u00f6ffentlicht:\u00a0 03. November 1986 LP: EMI\/Parlophone 1A 064 &#8211; 24 0658 1 (Deutschland) CD: Capitol CDP 7 46576 2 Titel: Here We Go Again \/ Rock And Roll People \/ Angel Baby \/ Since My Baby Left Me &hellip; <a href=\"http:\/\/www.lmw-28if.de\/exbeatles\/?page_id=366\">Weiterlesen <span class=\"meta-nav\">&rarr;<\/span><\/a><\/p>\n","protected":false},"author":1,"featured_media":0,"parent":0,"menu_order":0,"comment_status":"open","ping_status":"closed","template":"","meta":{"footnotes":""},"class_list":["post-366","page","type-page","status-publish","hentry"],"_links":{"self":[{"href":"http:\/\/www.lmw-28if.de\/exbeatles\/index.php?rest_route=\/wp\/v2\/pages\/366","targetHints":{"allow":["GET"]}}],"collection":[{"href":"http:\/\/www.lmw-28if.de\/exbeatles\/index.php?rest_route=\/wp\/v2\/pages"}],"about":[{"href":"http:\/\/www.lmw-28if.de\/exbeatles\/index.php?rest_route=\/wp\/v2\/types\/page"}],"author":[{"embeddable":true,"href":"http:\/\/www.lmw-28if.de\/exbeatles\/index.php?rest_route=\/wp\/v2\/users\/1"}],"replies":[{"embeddable":true,"href":"http:\/\/www.lmw-28if.de\/exbeatles\/index.php?rest_route=%2Fwp%2Fv2%2Fcomments&post=366"}],"version-history":[{"count":5,"href":"http:\/\/www.lmw-28if.de\/exbeatles\/index.php?rest_route=\/wp\/v2\/pages\/366\/revisions"}],"predecessor-version":[{"id":951,"href":"http:\/\/www.lmw-28if.de\/exbeatles\/index.php?rest_route=\/wp\/v2\/pages\/366\/revisions\/951"}],"wp:attachment":[{"href":"http:\/\/www.lmw-28if.de\/exbeatles\/index.php?rest_route=%2Fwp%2Fv2%2Fmedia&parent=366"}],"curies":[{"name":"wp","href":"https:\/\/api.w.org\/{rel}","templated":true}]}}