{"id":294,"date":"2014-01-30T18:03:09","date_gmt":"2014-01-30T18:03:09","guid":{"rendered":"http:\/\/lmw-28if.de\/exbeatles\/?page_id=294"},"modified":"2014-03-03T06:55:37","modified_gmt":"2014-03-03T06:55:37","slug":"1977-thrillington","status":"publish","type":"page","link":"http:\/\/www.lmw-28if.de\/exbeatles\/?page_id=294","title":{"rendered":"1977 &#8211; &#8222;Thrillington&#8220;"},"content":{"rendered":"<p style=\"text-align: center;\"><img decoding=\"async\" style=\"width: 300px; height: 300px;\" alt=\"\" src=\"http:\/\/www.ewetel.net\/%7Eansgar.bellersen\/bilder\/thrillington.jpg\" \/><\/p>\n<h1 style=\"text-align: center;\"><strong>Thrillington<\/strong><\/h1>\n<p style=\"text-align: center;\"><strong>Ver\u00f6ffentlicht:\u00a0 29. April 1977<br \/>\nLP: EMI 1C 066 &#8211; 98745 (Deutschland)<br \/>\nCD: EMI \/ Regal Zonophone 07243 8 32145 2 5<\/strong><\/p>\n<p style=\"text-align: justify;\">\n<p style=\"text-align: justify;\"><em><strong>Titel:<br \/>\nToo Many People \/ 3 Legs \/ Ram On \/ Dear Boy \/ Uncle Albert &#8211; Admiral Halsey \/ Smile Away \/ Heart Of The Country \/ Monkberry Moon Delight \/ Eat At Home \/ Long Haired Lady \/ The Back Seat Of My Car<\/strong><\/em><\/p>\n<p style=\"text-align: justify;\">Das Album &#8222;Thrillington&#8220; tr\u00e4gt den Namen seines Interpreten &#8211; Percy &#8222;Thrills&#8220; Thrillington. W\u00e4ren die Songs nicht so eindeutig und Paul McCartneys Antlitz nicht auf der Coverr\u00fcckseite zu sehen, so w\u00e4re es schwierig gewesen herauszufinden, wer Percy Thrillington wirklich ist. Auch die auf das Albumcover gedruckte Biografie, die von einem gewissen Clint Harrigan verfasst wurde, h\u00e4tte nicht entscheidend weitergeholfen. Kurz: Sowohl Clint Harrigan (von dem auch die Sleeve Notes auf &#8222;Wings Wild Life&#8220; stammten) als auch Percy Thrillington waren Pseudonyme von Paul McCartney.<\/p>\n<p style=\"text-align: justify;\">Als &#8222;Thrillington&#8220; 1977 erschien, waren die Aufnahmen schon sechs Jahre alt. Innerhalb von drei Tagen &#8211; vom 15. bis 17 Juni 1971 &#8211; entstanden diese Neuinterpretationen von Songs des &#8222;Ram&#8220;-Albums. Paul McCartney hatte den Wunsch, mit den Songs, die er f\u00fcr &#8222;Ram&#8220; geschrieben hatte, noch etwas anderes anzufangen. Er stellte sich vor, dass jemand das Album im Big Band-Sound aufnehmen w\u00fcrde. Seine Leidenschaft f\u00fcr dieses Genre, speziell f\u00fcr die Musik der 1920er und 1930er Jahre ist bekannt. Da aber keine potenziellen Interessenten McCartneys T\u00fcr einrannten, \u00fcbernahm der Meister schlie\u00dflich selbst die Regie.<\/p>\n<p style=\"text-align: justify;\">Unterst\u00fctzen lie\u00df sich McCartney in Fragen des Arrangierens bei Richard Hewson, der schon die McCartney-Produktion von Mary Hopkins &#8222;Those Were The Days&#8220; orchestriert hatte. Genau genommen lie\u00df McCartney Hewson weitgehend freie Hand. Er stellt nur die Bedingung, dass das Orchester um eine Popband erg\u00e4nzt wird. So verpflichtete Richard Hewson Studiomusiker, die ihm geeignet erschienen (darunter auch Herbie Flowers am Bass, der sp\u00e4ter auf mehreren Produktionen von George Harrison vertreten war). Auch wenn es eine Instumentaleinspielung war, so wurde mit den Mike Sammes Singers auch ein Chor zu den Aufnahmen eingeladen.<\/p>\n<p style=\"text-align: justify;\">Die Ver\u00f6ffentlichung fiel in die Bl\u00fctezeit des Punk. Diese Musikrichtung war radikal, ersch\u00fctterte die Popmusik in ihrern Grundfesten und sorgte mit ihrem Drei-Akkorde-Dilettantentum f\u00fcr ein reinigendes Gewitter. Insbesondere auf den Artrock von Genesis oder Yes mit ihren ausufernden Soli hatten es Bands wie die Sex Pistols, The Clash oder die Dead Kennedys abgesehen. Auch Musiker wie Paul McCartney blieben davon nicht unbeeinflusst [vgl. &#8222;Spin It On&#8220; (&#8222;Back To The Egg&#8220;) oder &#8222;Boil Crisis&#8220; (bisher unver\u00f6ffentlicht)]. McCartney war stets ein Musiker, der auch aktuelle Trends und Musikstr\u00f6mungen f\u00fcr sich nutzte, doch er war und ist immer noch jemand, der kreative Entscheidungen trifft, mit denen man nicht rechnet. So setzte er 1977 also dem Punkrock eine Scheibe entgegen, die durch und durch nach der Zeit klingt, in der sie aufgenommen wurde. Man erinnert sich an James Lasts &#8222;Nonstop Dancing&#8220;-Reihe in der elterlichen Musiktruhe und kommt unweigerlich auf den Gedanken, dass &#8222;Thrillington&#8220; in den beginnenden 70er Jahren durchaus Hitpotenzial gehabt h\u00e4tte. Doch man schrieb das Jahr 1977 und so tauchten trotz geschickter und witziger Promotionkampagnen weder die Single (&#8222;Uncle Albert\/Admiral Halsey&#8220;\/&#8220;Eat At Home&#8220;) noch das Album in den Charts auf. Warum genau McCartney diese Platte auf diese Weise der \u00d6ffentlichkeit pr\u00e4sentierte, bleibt vorerst sein Geheimnis.<\/p>\n<p style=\"text-align: justify;\">Insgesamt klingt diese Neuinterpretation des komplexen &#8222;Ram&#8220;-Albums heute recht angestaubt und altbacken &#8211; &#8222;Muzak&#8220; im Sinne der Lennon-Attacke aus &#8222;How Do You Sleep?&#8220;. Instrumentierung und Produktion sind hervorragend, doch m\u00f6glicherweise h\u00e4tte es dem Projekt besser zu Gesicht gestanden, auf Chor und Popband zu verzichten und die Arrangements konsequenter im traditionellen Stil eines Duke Ellington, Benny Goodman, Glenn Miller oder Jimmy Dorsey zu schreiben. So aber bleibt &#8222;Thrillington&#8220; ein Album, das eher selten aus dem Platten- oder CD-Regal gezogen wird.<\/p>\n<p style=\"text-align: justify;\"><strong>Anspieltipps:<\/strong><\/p>\n<p style=\"text-align: justify;\">Dear Boy, Heart Of The Country<\/p>\n<p style=\"text-align: justify;\"><strong>Bewertung:<\/strong><\/p>\n<p style=\"text-align: justify;\"><big><small><small><img decoding=\"async\" alt=\"\" src=\"http:\/\/www.ewetel.net\/%7Eansgar.bellersen\/bilder\/paul.gif\" \/><img decoding=\"async\" alt=\"\" src=\"http:\/\/www.ewetel.net\/%7Eansgar.bellersen\/bilder\/paul.gif\" \/><\/small><\/small><\/big><big><small><big><small><small><\/small><\/small><\/big><\/small><\/big><big><small><big><small><small><\/small><\/small><\/big><\/small><\/big><\/p>\n<p style=\"text-align: justify;\"><strong>Pressestimmen:<\/strong><\/p>\n","protected":false},"excerpt":{"rendered":"<p>Thrillington Ver\u00f6ffentlicht:\u00a0 29. April 1977 LP: EMI 1C 066 &#8211; 98745 (Deutschland) CD: EMI \/ Regal Zonophone 07243 8 32145 2 5 Titel: Too Many People \/ 3 Legs \/ Ram On \/ Dear Boy \/ Uncle Albert &#8211; Admiral &hellip; <a href=\"http:\/\/www.lmw-28if.de\/exbeatles\/?page_id=294\">Weiterlesen <span class=\"meta-nav\">&rarr;<\/span><\/a><\/p>\n","protected":false},"author":1,"featured_media":0,"parent":0,"menu_order":0,"comment_status":"open","ping_status":"closed","template":"","meta":{"footnotes":""},"class_list":["post-294","page","type-page","status-publish","hentry"],"_links":{"self":[{"href":"http:\/\/www.lmw-28if.de\/exbeatles\/index.php?rest_route=\/wp\/v2\/pages\/294","targetHints":{"allow":["GET"]}}],"collection":[{"href":"http:\/\/www.lmw-28if.de\/exbeatles\/index.php?rest_route=\/wp\/v2\/pages"}],"about":[{"href":"http:\/\/www.lmw-28if.de\/exbeatles\/index.php?rest_route=\/wp\/v2\/types\/page"}],"author":[{"embeddable":true,"href":"http:\/\/www.lmw-28if.de\/exbeatles\/index.php?rest_route=\/wp\/v2\/users\/1"}],"replies":[{"embeddable":true,"href":"http:\/\/www.lmw-28if.de\/exbeatles\/index.php?rest_route=%2Fwp%2Fv2%2Fcomments&post=294"}],"version-history":[{"count":4,"href":"http:\/\/www.lmw-28if.de\/exbeatles\/index.php?rest_route=\/wp\/v2\/pages\/294\/revisions"}],"predecessor-version":[{"id":978,"href":"http:\/\/www.lmw-28if.de\/exbeatles\/index.php?rest_route=\/wp\/v2\/pages\/294\/revisions\/978"}],"wp:attachment":[{"href":"http:\/\/www.lmw-28if.de\/exbeatles\/index.php?rest_route=%2Fwp%2Fv2%2Fmedia&parent=294"}],"curies":[{"name":"wp","href":"https:\/\/api.w.org\/{rel}","templated":true}]}}