{"id":287,"date":"2014-01-30T18:01:36","date_gmt":"2014-01-30T18:01:36","guid":{"rendered":"http:\/\/lmw-28if.de\/exbeatles\/?page_id=287"},"modified":"2014-03-03T06:55:55","modified_gmt":"2014-03-03T06:55:55","slug":"1978-wings-greatest","status":"publish","type":"page","link":"http:\/\/www.lmw-28if.de\/exbeatles\/?page_id=287","title":{"rendered":"1978 &#8211; &#8222;Wings Greatest&#8220;"},"content":{"rendered":"<p style=\"text-align: center;\"><img decoding=\"async\" style=\"width: 300px; height: 300px;\" alt=\"\" src=\"http:\/\/www.ewetel.net\/%7Eansgar.bellersen\/bilder\/greatest.jpg\" \/><\/p>\n<h1 style=\"text-align: center;\"><strong>Wings Greatest<\/strong><\/h1>\n<p style=\"text-align: center;\"><strong>Ver\u00f6ffentlicht:\u00a0 27. November 1978<br \/>\nLP: EMI 1C 064 &#8211; 61963 (Deutschland)<br \/>\nCD: EMI 0777 7 89317 2 0 (Digitally Remastered)<\/strong><\/p>\n<p style=\"text-align: justify;\">\n<p style=\"text-align: justify;\"><em><strong>Titel:<br \/>\nAnother Day \/ Silly Love Songs \/ Live And Let Die \/ Junior&#8217;s Farm \/ With A Little Luck \/ Band On The Run \/ Uncle Albert &#8211; Admiral Halsey \/ Hi Hi Hi \/ Let &#8218;em In \/ My Love \/ Jet \/ Mull Of Kintyre<\/strong><\/em><\/p>\n<p style=\"text-align: justify;\">Nachdem Lennon, Harrison und Starr fast zeitgleich erste Hit-Zusammenstellungen ver\u00f6ffentlichten, dauerte es im Fall von Paul McCartney und Wings bis Ende 1978, dass ein derartiges Album erschien. W\u00e4hrend sich Lennon ins selbstgew\u00e4hlte Familien-Exil begeben hatte, Harrisons und Starrs gro\u00dfe Single-Erfolge bereits der Vergangenheit angeh\u00f6rten, war f\u00fcr McCartney noch kein &#8222;Kapitel&#8220; abgeschlossen, denn seine Serie von Hits war noch ungebrochen. Alle Ex-Beatles hatten jedoch gemeinsam, dass sie ihren Vertrag mit EMI\/Capitol zu erf\u00fcllen hatten, bevor sie im Bezug auf ihre Plattenfirma unabh\u00e4ngig waren. Da McCartney in den USA gerade einen neuen Vetrag mit Columbia in Aussicht hatte, liegt es nahe, dass er seinem alten Label noch ein Album schuldete, bevor er zum neuen Label wechselte. Und so kam es allen Ex-Beatles ganz recht, dass ein &#8222;Best Of&#8220;-Album ihnen Gelegenheit bot, schneller vom ungeliebten alten Vertrag erl\u00f6st zu sein.<\/p>\n<p style=\"text-align: justify;\">Greatest Hits-Alben waren seinerzeit noch lohnenswert, da es nicht un\u00fcblich war, bestimmte Songs ausschlie\u00dflich als Single zu ver\u00f6ffentlichen, so dass der geneigte Musikfreund froh war, dann irgendwann auch diese St\u00fccke auf einem Album zu haben. So enth\u00e4lt &#8222;Wings Greatest&#8220; mit &#8222;Another Day&#8220;, &#8222;Live And Let Die&#8220; , &#8222;Junior&#8217;s Farm&#8220;, &#8222;Hi Hi Hi&#8220; und &#8222;Mull Of Kintyre&#8220; gleich f\u00fcnf Songs, die zuvor nur auf Singles und somit auf keinem Album erh\u00e4ltlich waren. Die Retrospektive wartet insgesamt mit sechs Nummer 1-Hits auf: &#8222;Uncle Albert\/Admiral Halsey&#8220;, &#8222;My Love&#8220;, &#8222;Band On The Run&#8220;, &#8222;Silly Love Songs&#8220;, &#8222;Mull Of Kintyre&#8220; und &#8222;With A Little Luck&#8220;. Der Rest konnte auch hohe Chartplatzierungen vorweisen, doch es \u00fcberrascht ein wenig, dass &#8222;Listen To What The Man Said&#8220; auf &#8222;Wings Greatest&#8220; fehlt. Immerhin erreichte diese &#8222;Venus And Mars&#8220;-Auskopplung im Mai 1975 Platz 1 der US-Charts.<\/p>\n<p style=\"text-align: justify;\">Bei &#8222;Junior&#8217;s Farm&#8220; handelt es sich um einen Titel, der von vielen Wings-Fans hoch gesch\u00e4tzt wird. Einerseits deswegen, weil Jimmy McCulloch auf diesem einfachen, aber \u00fcberzeugenden Rocksong ein ausgezeichnetes Gitarrensolo spielt. Andererseits deshalb, weil sich hier erstmals die hohe Klasse andeutet, die die Wings kurze Zeit sp\u00e4ter zu einer der besten Livebands der 70er Jahre machte. Aufgenommen wurde &#8222;Junior&#8217;s Farm&#8220; im Juni 1974 in Nashville, damals noch mit dem kurzzeitigen Schlagzeuger Geoff Britton. McCartney lie\u00df sich zu diesem Song von Junior &#8222;Curley&#8220; Putman (seinerseits ein Songwriter, der z.B. den Tom Jones-Hit &#8222;The Green Green Grass Of Home&#8220; schrieb) inspirieren, dem Besitzer der Farm, in der die Wings lebten und probten. Auch Bob Dylan&#8217;s &#8222;Maggie&#8217;s Farm&#8220; nennt McCartney als eine Inspirationsquelle &#8211; quasi als positives Gegenst\u00fcck zur Farm von Maggie, die jedem das Leben unn\u00f6tig schwer macht. Im Fantasietext von &#8222;Junior&#8217;s Farm&#8220; gibt es nur das lockere Leben. Hier ein Textauszug, der den Nonsens-Charakter des Songs unterstreicht:<\/p>\n<p style=\"text-align: justify;\"><em>\u201eAt the Houses of Parliament<br \/>\nEv&#8217;rybody&#8217;s talking &#8218;bout the President<br \/>\nWe all chip in for a bag of cement<br \/>\nOllie Hardy should have had more sense<br \/>\nHe bought a gee-gee and he jumped the fence<br \/>\nAll for the sake of a couple of pence.<br \/>\n<\/em><\/p>\n<p style=\"text-align: justify;\"><em>Let&#8217;s go, let&#8217;s go, let&#8217;s go, let&#8217;s go<br \/>\nDown to Junior&#8217;s Farm where I wanna lay low<br \/>\nLow life, high life, oh let&#8217;s go<br \/>\nTake me down to Junior&#8217;s Farm.\u201c<\/em><\/p>\n<p style=\"text-align: justify;\">&#8222;Wings Greatest&#8220; wurde im Windschatten des gro\u00dfen Erfolges von &#8222;Mull Of Kintyre&#8220; ver\u00f6ffentlicht, erreichte alllerdings nur Platz 3 in England und in den USA, die McCartney einen Erfolg nach dem anderen bescherten, lediglich Rang 29. F\u00fcr das Albumcover scheute Paul McCartney keine Kosten. Eine vom Art Deco-K\u00fcnstler Demetre Chiparus geschaffene Statuette mit einem Umhang, der an F\u00fcgel erinnert, wurde eigens in die Schweiz geflogen, um sie auf dem Gipfel des Matterhorns zu fotografieren. Wie bei &#8222;London Town&#8220; war auch der &#8222;Wings Greatest&#8220;-Schallplatte ein Poster beigef\u00fcgt.<\/p>\n<p style=\"text-align: justify;\">Vergleicht man Lennons &#8222;Shaved Fish&#8220; mit McCartneys &#8222;Wings Greatest&#8220;, so wird der Unterschied zwischen den beiden Musikerpers\u00f6nlichkeiten deutlich. McCartneys Songs sind zwar von hoher handwerklicher Meisterschaft, aber teilweise dem &#8222;Gebrauchs-Pop&#8220; zuzuordnen, w\u00e4hrend Lennons Kompositionen deutlich mehr Tiefe besitzen, aber manchmal auch Schw\u00e4chen in Arrangement und Produktion aufweisen. Genau deshalb haben sich Lennon und McCartney so perfekt erg\u00e4nzt und die Beatles so unerreichbar und einzigartig gemacht.<\/p>\n<p style=\"text-align: justify;\"><strong>Anspieltipps:<\/strong><\/p>\n<p style=\"text-align: justify;\">Band On The Run \/ Jet \/ Live And Let Die \/ My Love \/ Silly Love Songs \/ Mull Of Kinytre<\/p>\n<p style=\"text-align: justify;\"><strong>Bewertung:<\/strong><big><small><big><small><small><\/small><\/small><\/big><\/small><\/big><\/p>\n<p style=\"text-align: justify;\"><big><small><big><small><small><img decoding=\"async\" alt=\"\" src=\"http:\/\/www.ewetel.net\/%7Eansgar.bellersen\/bilder\/paul.gif\" \/><img decoding=\"async\" alt=\"\" src=\"http:\/\/www.ewetel.net\/%7Eansgar.bellersen\/bilder\/paul.gif\" \/><img decoding=\"async\" alt=\"\" src=\"http:\/\/www.ewetel.net\/%7Eansgar.bellersen\/bilder\/paul.gif\" \/><\/small><\/small><\/big><\/small><\/big><\/p>\n<p style=\"text-align: justify;\"><em>(In Anbetracht von &#8222;All The Best!&#8220; und &#8222;Wingspan&#8220; eher verzichtbar)<\/em><\/p>\n<p style=\"text-align: justify;\"><strong>Pressestimmen:<\/strong><\/p>\n","protected":false},"excerpt":{"rendered":"<p>Wings Greatest Ver\u00f6ffentlicht:\u00a0 27. November 1978 LP: EMI 1C 064 &#8211; 61963 (Deutschland) CD: EMI 0777 7 89317 2 0 (Digitally Remastered) Titel: Another Day \/ Silly Love Songs \/ Live And Let Die \/ Junior&#8217;s Farm \/ With A &hellip; <a href=\"http:\/\/www.lmw-28if.de\/exbeatles\/?page_id=287\">Weiterlesen <span class=\"meta-nav\">&rarr;<\/span><\/a><\/p>\n","protected":false},"author":1,"featured_media":0,"parent":0,"menu_order":0,"comment_status":"open","ping_status":"closed","template":"","meta":{"footnotes":""},"class_list":["post-287","page","type-page","status-publish","hentry"],"_links":{"self":[{"href":"http:\/\/www.lmw-28if.de\/exbeatles\/index.php?rest_route=\/wp\/v2\/pages\/287","targetHints":{"allow":["GET"]}}],"collection":[{"href":"http:\/\/www.lmw-28if.de\/exbeatles\/index.php?rest_route=\/wp\/v2\/pages"}],"about":[{"href":"http:\/\/www.lmw-28if.de\/exbeatles\/index.php?rest_route=\/wp\/v2\/types\/page"}],"author":[{"embeddable":true,"href":"http:\/\/www.lmw-28if.de\/exbeatles\/index.php?rest_route=\/wp\/v2\/users\/1"}],"replies":[{"embeddable":true,"href":"http:\/\/www.lmw-28if.de\/exbeatles\/index.php?rest_route=%2Fwp%2Fv2%2Fcomments&post=287"}],"version-history":[{"count":5,"href":"http:\/\/www.lmw-28if.de\/exbeatles\/index.php?rest_route=\/wp\/v2\/pages\/287\/revisions"}],"predecessor-version":[{"id":980,"href":"http:\/\/www.lmw-28if.de\/exbeatles\/index.php?rest_route=\/wp\/v2\/pages\/287\/revisions\/980"}],"wp:attachment":[{"href":"http:\/\/www.lmw-28if.de\/exbeatles\/index.php?rest_route=%2Fwp%2Fv2%2Fmedia&parent=287"}],"curies":[{"name":"wp","href":"https:\/\/api.w.org\/{rel}","templated":true}]}}