{"id":266,"date":"2014-01-30T17:55:17","date_gmt":"2014-01-30T17:55:17","guid":{"rendered":"http:\/\/lmw-28if.de\/exbeatles\/?page_id=266"},"modified":"2014-03-29T09:17:04","modified_gmt":"2014-03-29T09:17:04","slug":"1987-all-the-best","status":"publish","type":"page","link":"http:\/\/www.lmw-28if.de\/exbeatles\/?page_id=266","title":{"rendered":"1987 &#8211; &#8222;All The Best!&#8220;"},"content":{"rendered":"<p style=\"text-align: left;\"><a href=\"http:\/\/www.lmw-28if.de\/exbeatles\/wp-content\/uploads\/2014\/01\/allthebest_euro.jpg\"><img loading=\"lazy\" decoding=\"async\" class=\"alignnone size-full wp-image-2061\" alt=\"allthebest_euro\" src=\"http:\/\/www.lmw-28if.de\/exbeatles\/wp-content\/uploads\/2014\/01\/allthebest_euro.jpg\" width=\"300\" height=\"300\" srcset=\"http:\/\/www.lmw-28if.de\/exbeatles\/wp-content\/uploads\/2014\/01\/allthebest_euro.jpg 300w, http:\/\/www.lmw-28if.de\/exbeatles\/wp-content\/uploads\/2014\/01\/allthebest_euro-150x150.jpg 150w\" sizes=\"auto, (max-width: 300px) 100vw, 300px\" \/><\/a>\u00a0<a href=\"http:\/\/www.lmw-28if.de\/exbeatles\/wp-content\/uploads\/2014\/01\/allthebest_us.jpg\"><img loading=\"lazy\" decoding=\"async\" class=\"alignnone size-full wp-image-2059\" alt=\"allthebest_us\" src=\"http:\/\/www.lmw-28if.de\/exbeatles\/wp-content\/uploads\/2014\/01\/allthebest_us.jpg\" width=\"300\" height=\"300\" srcset=\"http:\/\/www.lmw-28if.de\/exbeatles\/wp-content\/uploads\/2014\/01\/allthebest_us.jpg 300w, http:\/\/www.lmw-28if.de\/exbeatles\/wp-content\/uploads\/2014\/01\/allthebest_us-150x150.jpg 150w\" sizes=\"auto, (max-width: 300px) 100vw, 300px\" \/><br \/>\n<\/a>\u00a0\u00a0\u00a0\u00a0\u00a0\u00a0\u00a0\u00a0\u00a0\u00a0\u00a0\u00a0\u00a0\u00a0\u00a0\u00a0\u00a0\u00a0\u00a0\u00a0\u00a0\u00a0\u00a0\u00a0\u00a0\u00a0\u00a0\u00a0\u00a0\u00a0 Europa\u00a0\u00a0\u00a0\u00a0\u00a0\u00a0\u00a0\u00a0\u00a0\u00a0 \u00a0 \u00a0 \u00a0 \u00a0 \u00a0 \u00a0 \u00a0 \u00a0 \u00a0 \u00a0 \u00a0 \u00a0 \u00a0 \u00a0 \u00a0 \u00a0 \u00a0 \u00a0 \u00a0 \u00a0 \u00a0 \u00a0 \u00a0 \u00a0 \u00a0 \u00a0\u00a0 \u00a0\u00a0\u00a0 USA<a href=\"http:\/\/www.lmw-28if.de\/exbeatles\/wp-content\/uploads\/2014\/01\/allthebest_us.jpg\"><br \/>\n<\/a><\/p>\n<h1 style=\"text-align: center;\"><strong>All The Best!<\/strong><\/h1>\n<p style=\"text-align: center;\"><strong>Ver\u00f6ffentlicht:\u00a0 26. Oktober 1987<br \/>\nLP: Parlophone 1C 064 &#8211; 7485071 (Deutschland)<br \/>\nCD: EMI 0777 7 89126 3 7 (Digitally Remastered)<\/strong><\/p>\n<p style=\"text-align: justify;\"><em><strong>Titel:<br \/>\nJet \/ Band On The Run \/ Coming Up \/ Ebony And Ivory \/ Listen To What The Man Said \/ No More Lonely Nights \/ Silly Love Songs \/ Let &#8218;em In \/ C Moon \/ Pipes Of Peace \/ Live And Let Die \/ Another Day \/ Once Upon A Long Ago \/ Say Say Say \/ My Love \/ We All Stand Together \/ Mull Of Kintyre<\/strong><\/em><\/p>\n<p style=\"text-align: justify;\">Neun Jahre nach &#8222;Wings Greatest&#8220; wurde diese Sammlung von McCartney-Hits ver\u00f6ffentlicht. In der Zwischenzeit hatte sich Paul McCartney auch als Solist etabliert, denn er landete nicht nur in der Zusammenarbeit mit Stevie Wonder (&#8222;Ebony And Ivory&#8220;, 1982) und Michael Jackson (&#8222;Say Say Say&#8220;, 1983) Nr. 1-Hits, sondern auch auf sich allein gestellt (&#8222;Coming Up&#8220; 1980 und &#8222;Pipes Of Peace&#8220; 1983). Obwohl &#8222;No More Lonely Nights&#8220; 1984 Platz 2 in England erreichte und &#8222;We All Stand Together&#8220; im gleichen Jahr und Land Platz 3, fuhr McCartney kommerziell gesehen das k\u00fcnstlerisch bemerkenswerte 1986er Album &#8222;Press To Play&#8220; inklusive der dazugeh\u00f6rigen Singles gegen die Wand &#8211; von dem Reinfall des &#8222;Broad Street&#8220;-Films mal ganz abgesehen. McCartney nahm das offenbar pers\u00f6nlich und ignorierte nicht nur auf &#8222;All The Best!&#8220;, sondern auch bis heute, fast drei\u00dfig Jahre sp\u00e4ter, das komplette &#8222;Press To Play&#8220;-Album.<\/p>\n<p style=\"text-align: justify;\">&#8222;All The Best!&#8220; beinhaltet in ihren verschiedenen Erschienungsformen mit Ausnahme von &#8222;Hi Hi Hi&#8220; alle Songs von &#8222;Wings Greatest&#8220;. Dieser Sampler erschien als Doppel-LP in einer Zeit, als die Schallplatte noch Priorit\u00e4t vor der CD genoss. Das Doppelalbum weist eine Spielzeit auf, die \u00fcber die Kapazit\u00e4t einer Einzel-CD hinausgeht. Um eine Doppel-CD zu umgehen, entschied man sich damals, mehrere Songs wegzulassen. Bei der europ\u00e4ischen Ausgabe fehlen &#8222;With A Little Luck&#8220;, &#8222;Maybe I&#8217;m Amazed&#8220; und &#8222;Goodnight Tonight&#8220;. Die US-Version strich &#8222;Maybe I&#8217;m Amazed&#8220;, &#8222;Pipes Of Peace&#8220;, &#8222;We All Stand Together&#8220; und den brandneuen Song &#8222;Once Upon A Long Ago&#8220;. Daf\u00fcr waren allerdings &#8222;Junior&#8217;s Farm&#8220;, &#8222;With A Little Luck&#8220;, &#8222;Uncle Albert\/Admiral Halsey&#8220; und &#8222;Goodnight Tonight&#8220; mit im Rennen. Ein sch\u00f6nes Durcheinander, das einerseits an die US-Extratouren bei den alten Beatles-Alben erinnerte und andererseits schon einen Vorgeschmack darauf gab, was in sp\u00e4teren Jahren h\u00e4ufig vorkommen sollte: Ein Album und seine mannigfaltigen Erscheinungsformen. Das ist Futter f\u00fcr den Sammler, l\u00e4sst aber auch f\u00fcr den K\u00fcnstler und sein Label die Kasse klingeln.<\/p>\n<p style=\"text-align: justify;\">Der interessanteste Bestandteil von &#8222;All The Best!&#8220; ist das bereits erw\u00e4hnte neue St\u00fcck &#8222;Once Upon A Long Ago&#8220;. Die Fans wurden von diesem bis dato unver\u00f6ffentlichten Song geradezu \u00fcberrumpelt, denn er wurde in den Reigen hinl\u00e4nglich bekannter Aufnahmen eingef\u00fcgt, bevor er \u00fcberhaupt als Single erschien. Urspr\u00fcnglich wollte man der britischen Ausgabe des Albums sogar noch einen weiteren unbekannten Song einverleiben: &#8222;Waterspout&#8220;. Doch man entschied sich gegen den &#8222;London Town&#8220;-Outtake, da &#8222;All The Best!&#8220; schlie\u00dflich eine Hit-Kompilation und keine Rarit\u00e4ten-Kollektion werden sollte.<\/p>\n<p style=\"text-align: justify;\">Doch zur\u00fcck zu &#8222;Once Upon A Long Ago&#8220;. Der Song entstammt den Sessions mit Phil Ramone (1934-2013), der u.a. f\u00fcr seine T\u00e4tigkeit als Produzent von Billy Joel bekannt war. McCartney hatte nach dem &#8222;Broad Street&#8220;-Desaster ein Imageproblem und wollte etwas Neues ausprobieren. So buchte er im Fr\u00fchsommer 1986 ein New Yorker Studio und nahm unter Ramones F\u00fchrung zwei neue Kompositionen auf: &#8222;Loveliest Thing&#8220; und &#8222;Beautiful Night&#8220;. Beide Songs erblickten erst sp\u00e4t das Licht der \u00d6ffentlichkeit, doch Mitte 1987 erinnerte sich McCartney an die gelungene Zusammenarbeit mit Phil Ramone und lud diesen zu neuen Sessions ins eigene Hog Hill Studio in Rye\/Sussex ein. Obwohl die Zusammenarbeit mit Phil Ramone insgesamt zehn Songs entstehen lie\u00df, waren die Sessions f\u00fcr beide Parteien nicht befriedigend. Angeregt vom 20-j\u00e4hrigen Jubil\u00e4um von &#8222;Sgt. Pepper&#8217;s Lonely Hearts Club Band&#8220; hatte McCartney die Idee eines &#8222;Return To Pepperland&#8220;-Albums. Doch der Ex-Beatle und Phil Ramone hatten so unterschiedliche Vorstellungen von der Umsetzung, dass sich ihre Wege bald trennten.<\/p>\n<p style=\"text-align: justify;\">Doch ungeachtet dessen z\u00e4hlt das im Sommer 1987 aufgenommene &#8222;Once Upon A Long Ago&#8220; zu Paul McCartneys besseren Songs aus den Achtziger Jahren. Eine Komposition, die selbst ohne einen richtigen Mitteilteil reich ist an Melodie und harmonischer Raffinesse. Auf eine in verhaltenem Tempo vorgetragene Einleitung am Klavier folgen die ersten zwei vertr\u00e4umten Strophen, die von McCartney-typischen abstrusen Textsch\u00f6pfungen bestimmt sind. Da ist die Rede von aufgehobenen Tonleitern und gebrochenen Akkorden, von Welpenschw\u00e4nzchen im Oberhaus des britischen Parlaments und von selbstgebastelten Monden in Moll. Am Ende stellt McCartney die selbstironische Frage, was das zu bedeuten hat und was diese Songs mit ihm zu tun haben:<\/p>\n<p style=\"text-align: justify;\"><em>Picking up scales and broken chords<\/em><br \/>\n<em>Puppy dog tails in the House of Lords<\/em><br \/>\n<em>Tell me darling, what can it mean?<\/em><\/p>\n<p style=\"text-align: justify;\"><em>Making up moons in a minor key<\/em><br \/>\n<em>What have those tunes got to do with me?<\/em><br \/>\n<em>Tell me darling, where have you been?<\/em><\/p>\n<p style=\"text-align: justify;\">Nach dem ersten Refrain enth\u00e4lt der Text Passagen zwischen Naturromantik und Impressionismus. Die bezaubernden Melodieabschnitte werden in der Folge tiefer ausgeleuchtet und auch variiert, indem McCartney sie ineinander verschachtelt und \u00fcbereinander schichtet. Auch das instrumentale Arrangement ist fantasie- und effektvoll. Am meisten hervorzuheben ist jene Stelle, an der der Starviolinist Nigel Kennedy das Gitarrensolo aufgreift und ohne Bruch in seinen eigenen Solopart \u00fcberleitet. Als S\u00e4nger schafft es Paul McCartney in dieser Ballade auf hervorragende Weise den unterschiedlichen Stimmungslagen von Text und Melodie Ausdruck zu verleihen. Insgesamt wurden nicht weniger als drei unterschiedliche Versionen des Songs ver\u00f6ffentlicht: die Single, eine Long Version (mit einem weiteren Solo am Schluss) und eine Extended Version (mit verz\u00f6gertem Streicher-Intro und verl\u00e4ngertem instrumentalem Ausklang). Die beiden l\u00e4ngeren Versionen erschienen auf Maxi-Singles. Jede dieser Fassungen hat ihren Reiz, die gr\u00f6\u00dften Einheit von Text und Musik spiegelt jedoch die Single-Version wider.<\/p>\n<p style=\"text-align: justify;\">F\u00fcnf weitere Songs begleiteten als B-Seiten die Single-Ver\u00f6ffentlichung von &#8222;Once Upon A Long Ago&#8220;: Eine &#8222;Back On My Feet&#8220; betitelte Gemeinschaftskomposition von Paul McCartney und Elvis Costello, das Traditional &#8222;Midnight Special&#8220;, der Duke Ellington-Klassiker &#8222;Don&#8217;t Get Around Much Anymore&#8220; und die beiden Rock&#8217;n&#8217;Roll-Gassenhauer &#8222;Kansas City&#8220; und &#8222;Lawdy Miss Clawdy&#8220;. Da die genannten Songs nicht direkt zum Album &#8222;All The Best!&#8220; geh\u00f6ren, werden sie zu einem sp\u00e4teren Zeitpunkt in der Rubrik &#8222;McCartney &#8211; Bits And Pieces&#8220; besprochen.<\/p>\n<p style=\"text-align: justify;\">Die Idee, diesen Paul McCartney-Sampler &#8222;All The Best!&#8220; zu betiteln, entsprang der Gewohnheit McCartneys, seinen Autogrammen &#8211; sofern er sich die Zeit nimmt &#8211; oftmals den Gru\u00df &#8222;all the best!&#8220; hinzuzuf\u00fcgen. Nimmt man den Albumtitel w\u00f6rtlich, so kann er auf den Inhalt der Liedersammlung bezogen nur entt\u00e4uschen. &#8222;All The Best!&#8220; enth\u00e4lt viele Hits des Ex-Beatles &#8211; nur nicht zwangsl\u00e4ufig seine besten Songs nach dem Ende der Beatles. Musikfreunde, die nicht gerade eingefleischte McCartney-Fans sind, sich ihm aber ann\u00e4hern wollen, k\u00f6nnten von dieser an den kommerziellen Erfolgen orientierten Zusammenstellung entt\u00e4uscht oder sogar abgesto\u00dfen werden. Wichtige Kompositionen wie z.B. &#8222;Dear Boy&#8220;, &#8222;Venus And Mars\/Rock Show&#8220; oder auch Kleinode wie &#8222;Single Pigeon&#8220; oder &#8222;I&#8217;m Carrying&#8220; fehlen. Das hochinteressante, aber kommerziell hinter den Erwartungen zur\u00fcckgebliebene letzte Wings-Album &#8222;Back To The Egg&#8220; ist auf &#8222;All The Best!&#8220; vollst\u00e4ndig ignoriert worden. Ein weiterer Beleg daf\u00fcr (siehe &#8222;Press To Play&#8220;) wie sehr sich McCartney von der Vorstellung leiten l\u00e4sst, dass kommerziell nicht Erfolgreiches auch nicht gut sein kann.<\/p>\n<p style=\"text-align: justify;\">&#8222;All The Best!&#8220; war dennoch ein Verkaufserfolg, denn zumindest im Vereinigten K\u00f6nigreich langte es zu Platz 2 der Albumcharts und Doppelplatin. In Deutschland war Platz 9 die beste Position, w\u00e4hrend es in den USA nur einen entt\u00e4uschenden Rang 62 gab. Die Single &#8222;Once Upon A Long Ago&#8220; kam in den UK-Charts auf Platz 10 (\u00fcbrigens McCartneys letzte Single in den UK-Top 10) und in Deutschland auf Platz 13. Somit hat dieser Song seine Berechtigung auf einem Album, dem der Titel &#8222;Greatest Hits&#8220; besser zu Gesicht gestanden h\u00e4tte.<\/p>\n<p style=\"text-align: justify;\">Ein kostbares Sammlerst\u00fcck ist die in der Promotion-Kampagne zu &#8222;All The Best!&#8220; erschienene Box mit neun &#8222;Double-A-Side&#8220;-Singles:<\/p>\n<h4 style=\"text-align: center;\"><a href=\"http:\/\/www.lmw-28if.de\/exbeatles\/wp-content\/uploads\/2014\/01\/allthebest_promo.jpg\" target=\"_blank\"><img loading=\"lazy\" decoding=\"async\" class=\"alignnone size-large wp-image-2079\" alt=\"allthebest_promo\" src=\"http:\/\/www.lmw-28if.de\/exbeatles\/wp-content\/uploads\/2014\/01\/allthebest_promo-1024x913.jpg\" width=\"640\" height=\"570\" srcset=\"http:\/\/www.lmw-28if.de\/exbeatles\/wp-content\/uploads\/2014\/01\/allthebest_promo-1024x913.jpg 1024w, http:\/\/www.lmw-28if.de\/exbeatles\/wp-content\/uploads\/2014\/01\/allthebest_promo-300x267.jpg 300w, http:\/\/www.lmw-28if.de\/exbeatles\/wp-content\/uploads\/2014\/01\/allthebest_promo-600x535.jpg 600w, http:\/\/www.lmw-28if.de\/exbeatles\/wp-content\/uploads\/2014\/01\/allthebest_promo.jpg 1200w\" sizes=\"auto, (max-width: 640px) 100vw, 640px\" \/><\/a>Foto: \u00a9 Ansgar Bellersen<\/h4>\n<p>&nbsp;<\/p>\n<p><strong>Anspieltipps:<\/strong><\/p>\n<p>Once Upon A Long Ago \/ Band On The Run \/ No More Lonely Nights \/ Live And Let Die \/ Another Day<\/p>\n<p><strong>Bewertung:<\/strong><\/p>\n<h1><big><small><big><small><small><img decoding=\"async\" alt=\"\" src=\"http:\/\/www.ewetel.net\/%7Eansgar.bellersen\/bilder\/paul.gif\" \/><img decoding=\"async\" alt=\"\" src=\"http:\/\/www.ewetel.net\/%7Eansgar.bellersen\/bilder\/paul.gif\" \/><img decoding=\"async\" alt=\"\" src=\"http:\/\/www.ewetel.net\/%7Eansgar.bellersen\/bilder\/paul.gif\" \/><strong>+<\/strong><\/small><\/small><\/big><\/small><\/big><\/h1>\n<p style=\"text-align: justify;\"><strong>Pressestimmen:<\/strong><\/p>\n<p style=\"text-align: justify;\"><em>&#8222;Aber wenn wir \u00fcber McCartney den Singles-Zauberer sprechen, ist diese Compilation ideal, um die Vielseitigkeit des gefeierten Melodienschreibers, Bandleaders und Hitfabrikanten hervorzuheben (&#8230;) und Paul-McCartney-Fans werden Album-Titel wie &#8222;Picasso`s Last Words&#8220; und &#8222;That Would Be Something&#8220; vermissen.&#8220;\u00a0 &#8212; Amazon.de<\/em><\/p>\n","protected":false},"excerpt":{"rendered":"<p>\u00a0 \u00a0\u00a0\u00a0\u00a0\u00a0\u00a0\u00a0\u00a0\u00a0\u00a0\u00a0\u00a0\u00a0\u00a0\u00a0\u00a0\u00a0\u00a0\u00a0\u00a0\u00a0\u00a0\u00a0\u00a0\u00a0\u00a0\u00a0\u00a0\u00a0\u00a0 Europa\u00a0\u00a0\u00a0\u00a0\u00a0\u00a0\u00a0\u00a0\u00a0\u00a0 \u00a0 \u00a0 \u00a0 \u00a0 \u00a0 \u00a0 \u00a0 \u00a0 \u00a0 \u00a0 \u00a0 \u00a0 \u00a0 \u00a0 \u00a0 \u00a0 \u00a0 \u00a0 \u00a0 \u00a0 \u00a0 \u00a0 \u00a0 \u00a0 \u00a0 \u00a0\u00a0 \u00a0\u00a0\u00a0 USA All The Best! Ver\u00f6ffentlicht:\u00a0 26. Oktober 1987 LP: Parlophone &hellip; <a href=\"http:\/\/www.lmw-28if.de\/exbeatles\/?page_id=266\">Weiterlesen <span class=\"meta-nav\">&rarr;<\/span><\/a><\/p>\n","protected":false},"author":1,"featured_media":0,"parent":0,"menu_order":0,"comment_status":"open","ping_status":"closed","template":"","meta":{"footnotes":""},"class_list":["post-266","page","type-page","status-publish","hentry"],"_links":{"self":[{"href":"http:\/\/www.lmw-28if.de\/exbeatles\/index.php?rest_route=\/wp\/v2\/pages\/266","targetHints":{"allow":["GET"]}}],"collection":[{"href":"http:\/\/www.lmw-28if.de\/exbeatles\/index.php?rest_route=\/wp\/v2\/pages"}],"about":[{"href":"http:\/\/www.lmw-28if.de\/exbeatles\/index.php?rest_route=\/wp\/v2\/types\/page"}],"author":[{"embeddable":true,"href":"http:\/\/www.lmw-28if.de\/exbeatles\/index.php?rest_route=\/wp\/v2\/users\/1"}],"replies":[{"embeddable":true,"href":"http:\/\/www.lmw-28if.de\/exbeatles\/index.php?rest_route=%2Fwp%2Fv2%2Fcomments&post=266"}],"version-history":[{"count":34,"href":"http:\/\/www.lmw-28if.de\/exbeatles\/index.php?rest_route=\/wp\/v2\/pages\/266\/revisions"}],"predecessor-version":[{"id":2093,"href":"http:\/\/www.lmw-28if.de\/exbeatles\/index.php?rest_route=\/wp\/v2\/pages\/266\/revisions\/2093"}],"wp:attachment":[{"href":"http:\/\/www.lmw-28if.de\/exbeatles\/index.php?rest_route=%2Fwp%2Fv2%2Fmedia&parent=266"}],"curies":[{"name":"wp","href":"https:\/\/api.w.org\/{rel}","templated":true}]}}