{"id":1468,"date":"2014-02-21T06:50:27","date_gmt":"2014-02-21T06:50:27","guid":{"rendered":"http:\/\/lmw-28if.de\/exbeatles\/?page_id=1468"},"modified":"2014-02-24T17:19:01","modified_gmt":"2014-02-24T17:19:01","slug":"the-next-generation-julian-lennon","status":"publish","type":"page","link":"http:\/\/www.lmw-28if.de\/exbeatles\/?page_id=1468","title":{"rendered":"The Next Generation: Julian Lennon"},"content":{"rendered":"<p style=\"text-align: justify;\">Was haben die Kinder der ehemaligen Beatles auf einer Webseite zu suchen, die sich den Werken ihrer V\u00e4ter widmet? Das m\u00f6gen sich an dieser Stelle manche Leser fragen. Die Gr\u00fcnde daf\u00fcr sind vielf\u00e4ltig. Zun\u00e4chst sollte nicht unerw\u00e4hnt bleiben, dass nicht alle Kinder der Beatles Musik machen. Da ist beispielsweise Stella McCartney, f\u00fcr die der ber\u00fchmte Name zun\u00e4chst sicher viele T\u00fcren \u00f6ffnete, die aber seit mehr als 10 Jahren zu den bedeutendsten Gr\u00f6\u00dfen in der Branche der Modedesigner(innen) z\u00e4hlt. Auch ihre Schwester Mary hat sich k\u00fcnstlerisch etabliert, und zwar als Fotografin &#8211; wie ihre verstorbene Mutter Linda zuvor. Aber da sind auch Beatles-Kinder, die nicht im Rampenlicht stehen wie z.B. Paul McCartneys \u00e4lteste Tochter Heather, Nesth\u00e4kchen Beatrice sowie Ringo Starrs Kinder Jason und Lee.<\/p>\n<p style=\"text-align: justify;\">Die Spr\u00f6sslinge, die sich jedoch f\u00fcr die Musik entschieden haben, wagten damit in jedem einzelnen Fall einen mutigen Schritt. Denn wie man es auch dreht, so werden sie stets an den gigantischen Fu\u00dfstapfen ihrer V\u00e4ter gemessen und k\u00f6nnen nat\u00fcrlich \u00fcberh\u00f6hten Erwartungen nicht gerecht werden. Dennoch zeigen ihrer Ver\u00f6ffentlichungen teilweise ganz erstaunliches musikalisches Erbgut und damit interessante Vergleichsm\u00f6glichkeiten. Mit dem fortschreitenden Alter der beiden \u00fcberlebenden Beatles Paul McCartney und Ringo Starr r\u00fcckt naturgem\u00e4\u00df auch die Zeit n\u00e4her, in der es eben keine (Ex-)Beatles mehr geben wird. F\u00fcr den leidenschaftlichen Fan ist es daher emotional beruhigend, dass das Erbe von John, Paul, George und Ringo in ihren S\u00f6hnen weiterlebt.<\/p>\n<p style=\"text-align: justify;\">Deshalb m\u00f6chte ich Ihnen und euch auf www-ex-beatles.de auch eine Auswahl der Ver\u00f6ffentlichungen von Julian, Sean, Dhani, James und Zak vorstellen.<\/p>\n<p style=\"text-align: center;\">________________________________________________________<\/p>\n<p style=\"text-align: justify;\"><strong>John Charles Julian Lennon<\/strong><br \/>\n<strong>* 08. April 1963<\/strong><\/p>\n<p style=\"text-align: justify;\"><a href=\"http:\/\/lmw-28if.de\/exbeatles\/wp-content\/uploads\/2014\/02\/johngif_zps1c969cc1.gif\"><img loading=\"lazy\" decoding=\"async\" class=\"alignnone size-full wp-image-1607\" alt=\"johngif_zps1c969cc1\" src=\"http:\/\/lmw-28if.de\/exbeatles\/wp-content\/uploads\/2014\/02\/johngif_zps1c969cc1.gif\" width=\"200\" height=\"200\" \/><\/a><\/p>\n<p style=\"text-align: justify;\">Der musikalisch erfolgreichste Spro\u00df eines Ex-Beatles ist Julian Lennon, der 1984 mit seinem Deb\u00fctalbum \u201eValotte\u201c und der Single \u201eToo Late For Goodbyes\u201c einen Welterfolg feierte. Julian wurde zum Posterboy und Teenieschwarm, absolvierte 1985 eine erfolgreiche US-Tournee und schob mit &#8222;The Secret Value Of Daydreaming&#8220; schnell ein Album nach.<\/p>\n<p style=\"text-align: justify;\">In der Folge bekam Julian Lennon die ganze H\u00e4rte des Musikgesch\u00e4fts zu sp\u00fcren: St\u00e4ndig wurde er an seinem \u00fcberm\u00e4chtigen Vater gemessen. Falsche Freunde, zunehmender Erwartungsdruck, Drogenmissbrauch und Depressionen machten Julian zu schaffen. Dennoch ver\u00f6ffentlichte der Senior unter den Beatles-Kindern bis heute sechs Alben. Nach 14-j\u00e4hriger Pause erschien 2012 endlich \u201eEverything Changes\u201c, das nicht ganz an das gro\u00dfartige \u201ePhotograph Smile\u201c von 1998 ankn\u00fcpfen konnte.<\/p>\n<p style=\"text-align: justify;\">(Fortsetzung folgt)<\/p>\n","protected":false},"excerpt":{"rendered":"<p>Was haben die Kinder der ehemaligen Beatles auf einer Webseite zu suchen, die sich den Werken ihrer V\u00e4ter widmet? Das m\u00f6gen sich an dieser Stelle manche Leser fragen. Die Gr\u00fcnde daf\u00fcr sind vielf\u00e4ltig. Zun\u00e4chst sollte nicht unerw\u00e4hnt bleiben, dass nicht &hellip; <a href=\"http:\/\/www.lmw-28if.de\/exbeatles\/?page_id=1468\">Weiterlesen <span class=\"meta-nav\">&rarr;<\/span><\/a><\/p>\n","protected":false},"author":1,"featured_media":0,"parent":0,"menu_order":0,"comment_status":"closed","ping_status":"open","template":"","meta":{"footnotes":""},"class_list":["post-1468","page","type-page","status-publish","hentry"],"_links":{"self":[{"href":"http:\/\/www.lmw-28if.de\/exbeatles\/index.php?rest_route=\/wp\/v2\/pages\/1468","targetHints":{"allow":["GET"]}}],"collection":[{"href":"http:\/\/www.lmw-28if.de\/exbeatles\/index.php?rest_route=\/wp\/v2\/pages"}],"about":[{"href":"http:\/\/www.lmw-28if.de\/exbeatles\/index.php?rest_route=\/wp\/v2\/types\/page"}],"author":[{"embeddable":true,"href":"http:\/\/www.lmw-28if.de\/exbeatles\/index.php?rest_route=\/wp\/v2\/users\/1"}],"replies":[{"embeddable":true,"href":"http:\/\/www.lmw-28if.de\/exbeatles\/index.php?rest_route=%2Fwp%2Fv2%2Fcomments&post=1468"}],"version-history":[{"count":5,"href":"http:\/\/www.lmw-28if.de\/exbeatles\/index.php?rest_route=\/wp\/v2\/pages\/1468\/revisions"}],"predecessor-version":[{"id":1608,"href":"http:\/\/www.lmw-28if.de\/exbeatles\/index.php?rest_route=\/wp\/v2\/pages\/1468\/revisions\/1608"}],"wp:attachment":[{"href":"http:\/\/www.lmw-28if.de\/exbeatles\/index.php?rest_route=%2Fwp%2Fv2%2Fmedia&parent=1468"}],"curies":[{"name":"wp","href":"https:\/\/api.w.org\/{rel}","templated":true}]}}