{"id":145,"date":"2014-01-30T15:07:58","date_gmt":"2014-01-30T15:07:58","guid":{"rendered":"http:\/\/lmw-28if.de\/exbeatles\/?page_id=145"},"modified":"2014-02-12T18:17:24","modified_gmt":"2014-02-12T18:17:24","slug":"literatur","status":"publish","type":"page","link":"http:\/\/www.lmw-28if.de\/exbeatles\/?page_id=145","title":{"rendered":"Literatur"},"content":{"rendered":"<div>\n<h1 style=\"text-align: justify;\"><strong>Read all about it!<\/strong><\/h1>\n<p style=\"text-align: justify;\"><a href=\"http:\/\/lmw-28if.de\/exbeatles\/wp-content\/uploads\/2014\/01\/literatur_700.jpg\"><img loading=\"lazy\" decoding=\"async\" class=\"alignnone size-full wp-image-1175\" alt=\"literatur_700\" src=\"http:\/\/lmw-28if.de\/exbeatles\/wp-content\/uploads\/2014\/01\/literatur_700.jpg\" width=\"700\" height=\"227\" srcset=\"http:\/\/www.lmw-28if.de\/exbeatles\/wp-content\/uploads\/2014\/01\/literatur_700.jpg 700w, http:\/\/www.lmw-28if.de\/exbeatles\/wp-content\/uploads\/2014\/01\/literatur_700-300x97.jpg 300w\" sizes=\"auto, (max-width: 700px) 100vw, 700px\" \/><\/a><\/p>\n<p style=\"text-align: justify;\">Es wird manchen Laien erstaunen, wie viele Buchautoren sich bereits mit den Beatles befasst haben. Gut ein halbes Jahrhundert nach der Bandgr\u00fcndung ist die Zahl der Beatles-Publikationen im Bereich der Musik nur vergleichbar mit der, die es zu Beethoven, Mozart oder Bach gibt \u2013 was eine Menge \u00fcber den Stellenwert der Beatles aussagt. Viele Sammler wissen gar nicht mehr, wohin mit ihren W\u00e4lzern, so un\u00fcberschaubar ist das Angebot. Gleichwohl gibt es eine gro\u00dfe Diskrepanz zwischen Quantit\u00e4t und Qualit\u00e4t. Insbesondere nach John Lennons Tod (1980) gab es eine Menge Trittbrettfahrer, die f\u00fcr ihre Werke nur mangelhaft recherchierten. Andere B\u00fccher bleiben sehr oberfl\u00e4chlich oder geben Anlass zum Zweifel, ob diese Ver\u00f6ffentlichungen nun unbedingt notwendig sind (etwa wenn der Chauffeur der Beatles seine Erinnerungen zu Papier bringt). Die Beatles selbst machten ihrem \u00c4rger \u00fcber Dichtung und Wahrheit Luft, als sie im Jahr 2000 mit der \u201cAnthology\u201d ihre Version der Bandgeschichte erz\u00e4hlten. Dieses Buch schloss die gleichnamige Dokumentation ab, die Mitte der 90ern Jahre mit drei Doppel-CDs voll Rarit\u00e4ten und einer Filmreihe begann.<\/p>\n<p style=\"text-align: justify;\">B\u00fccher \u00fcber die Beatles als Solisten sind vergleichsweise rar. Die meisten Ver\u00f6ffentlichungen gibt es \u00fcber John Lennon, wobei \u2013 wie oben erw\u00e4hnt \u2013 zu ber\u00fccksichtigen ist, dass durch den gewaltsamen Tod Lennons eine Flut von Biografien den Markt \u00fcberschwemmte und die Mythenbildung ihr \u00dcbriges tut, dass in sch\u00f6ner Regelm\u00e4\u00dfigkeit neue Werke \u00fcber John Lennon erscheinen. Die ersten Paul McCartney-B\u00fccher erschienen im Zuge seiner gro\u00dfen Erfolge mit den Wings bereits in den 70er Jahren. Doch obwohl nicht nur sein musikalisches Leben Stoff genug f\u00fcr gute B\u00fccher bietet, tritt die Zahl der Publikationen deutlich hinter der zum Thema Lennon zur\u00fcck. B\u00fccher \u00fcber George Harrison und Ringo Starr lassen sich, \u00fcberspitzt formuliert, an einer Hand abz\u00e4hlen: Die ersten ansprechenden Harrison-Ver\u00f6ffentlichungen kamen erst nach dessen Tod (2001) auf den Markt.<\/p>\n<p style=\"text-align: justify;\">In den letzten 10, 15 Jahren stieg erfreulicherweise das Niveau von B\u00fcchern \u00fcber die Beatles. Einige Abhandlungen setzen sich sogar mit wissenschaftlichem Anspruch mit den (Ex-)Beatles auseinander. Diese Rubrik auf www.ex-beatles.de m\u00f6chte Ihnen und euch eine Auswahl von interessanten Publikationen vorstellen.<\/p>\n<\/div>\n","protected":false},"excerpt":{"rendered":"<p>Read all about it! Es wird manchen Laien erstaunen, wie viele Buchautoren sich bereits mit den Beatles befasst haben. Gut ein halbes Jahrhundert nach der Bandgr\u00fcndung ist die Zahl der Beatles-Publikationen im Bereich der Musik nur vergleichbar mit der, die &hellip; <a href=\"http:\/\/www.lmw-28if.de\/exbeatles\/?page_id=145\">Weiterlesen <span class=\"meta-nav\">&rarr;<\/span><\/a><\/p>\n","protected":false},"author":1,"featured_media":0,"parent":0,"menu_order":0,"comment_status":"closed","ping_status":"open","template":"","meta":{"footnotes":""},"class_list":["post-145","page","type-page","status-publish","hentry"],"_links":{"self":[{"href":"http:\/\/www.lmw-28if.de\/exbeatles\/index.php?rest_route=\/wp\/v2\/pages\/145","targetHints":{"allow":["GET"]}}],"collection":[{"href":"http:\/\/www.lmw-28if.de\/exbeatles\/index.php?rest_route=\/wp\/v2\/pages"}],"about":[{"href":"http:\/\/www.lmw-28if.de\/exbeatles\/index.php?rest_route=\/wp\/v2\/types\/page"}],"author":[{"embeddable":true,"href":"http:\/\/www.lmw-28if.de\/exbeatles\/index.php?rest_route=\/wp\/v2\/users\/1"}],"replies":[{"embeddable":true,"href":"http:\/\/www.lmw-28if.de\/exbeatles\/index.php?rest_route=%2Fwp%2Fv2%2Fcomments&post=145"}],"version-history":[{"count":5,"href":"http:\/\/www.lmw-28if.de\/exbeatles\/index.php?rest_route=\/wp\/v2\/pages\/145\/revisions"}],"predecessor-version":[{"id":1177,"href":"http:\/\/www.lmw-28if.de\/exbeatles\/index.php?rest_route=\/wp\/v2\/pages\/145\/revisions\/1177"}],"wp:attachment":[{"href":"http:\/\/www.lmw-28if.de\/exbeatles\/index.php?rest_route=%2Fwp%2Fv2%2Fmedia&parent=145"}],"curies":[{"name":"wp","href":"https:\/\/api.w.org\/{rel}","templated":true}]}}