{"id":100,"date":"2014-01-30T13:17:35","date_gmt":"2014-01-30T13:17:35","guid":{"rendered":"http:\/\/lmw-28if.de\/exbeatles\/?page_id=100"},"modified":"2014-02-16T17:42:39","modified_gmt":"2014-02-16T17:42:39","slug":"john-lennon","status":"publish","type":"page","link":"http:\/\/www.lmw-28if.de\/exbeatles\/?page_id=100","title":{"rendered":"John Lennon"},"content":{"rendered":"<p style=\"text-align: justify;\"><em><strong>&#8222;Ich mag Musik aus der Perspektive der Ersten Person. Nun, ich habe alles m\u00f6gliche \u00fcber mich geschrieben und deswegen gef\u00e4llt es mir auch. Das bin ich. Und niemand sonst. Darum mag ich das &#8230; es handelt von mir und ehrlich gesagt wei\u00df ich auch nicht viel \u00fcber andere Dinge.&#8220;<\/strong><\/em><\/p>\n<p style=\"text-align: justify;\"><em><strong>&#8222;Ich habe all den Groll \u00fcber die Vergangenheit verloren und w\u00fcrde mich freuen wie Bolle, einmal &#8222;Help!&#8220; zu singen. W\u00e4hrend der letzten zwei Jahre habe ich mich komplett ver\u00e4ndert. Ich w\u00fcrde &#8222;Hey Jude&#8220; spielen und die ganze verdammte Show, und ich glaube, dass George das irgendwann auch einsehen wird.&#8220;<\/strong><\/em><\/p>\n<p style=\"text-align: justify;\">Diese aus dem Jahr 1970 stammende \u00c4u\u00dferung John Lennons umschreibt sehr treffend das, was Lennons Musik so interessant macht: sie ist ehrlich, kommt schnell auf den Punkt und gibt schlie\u00dflich Aufschluss \u00fcber die Person John Lennon. F\u00fcr ihn selbst war sie ein Vehikel, Verborgenes an die Oberfl\u00e4che zu bringen oder um ganz einfach das zu thematisieren, was ihn gerade besch\u00e4ftigte.<\/p>\n<p style=\"text-align: justify;\">Ein Querdenker war John Lennon schon immer. Er nahm kein Blatt vor den Mund, seien es seine ber\u00fchmt-ber\u00fcchtigten Kommentare bei der Royal Variety Performance 1963 (&#8222;Will the people in the cheaper seats clap your hands? And the rest of you, if you&#8217;ll just rattle your jewelry.&#8220;) oder zum aktuellen Stellenwert des Christentums (&#8222;Christianity will go. It will vanish and shrink. I needn&#8217;t argue about that. I&#8217;m right and will be proved right. We&#8217;re more popular than Jesus now&#8230;&#8220;) um nur ein Paar Beispiele zu nennen. Dabei blieb der Beatles-Gr\u00fcnder seinen Bandkollegen gegen\u00fcber immer loyal und traf kreative Entscheidungen im Sinne der Gruppe. Die negativen Auswirkungen der Beatlemania f\u00fchrten jedoch dazu, dass Lennon sich ab 1966 sukzessive innerlich von dem Leben als Beatle abwendete. Die viel diskutierte Begegnung mit der K\u00fcnstlerin Yoko Ono war f\u00fcr John Lennon schlie\u00dflich der Faktor, der seine Aktivit\u00e4ten f\u00fcr die Beatles auf ein Minimum reduzierte. Er hatte nun jemanden gefunden, der ihm geistiger und emotionaler Partner war, ihm bisher unbekannte Horizonte \u00f6ffnete und schlie\u00dflich die m\u00fctterliche Sicherheit gab, die er vorher nie hatte.<\/p>\n<p style=\"text-align: justify;\">Das Jahr 1969 ist als die Phase des Friedensaktivisten Lennon in die Geschichte eingegangen. Die drei experimentellen Alben (Two Virgins, Life With The Lions, Wedding Album) des Gespanns John Lennon \/ Yoko Ono wurden von der \u00d6ffentlichkeit nur milde bel\u00e4chelt. Doch die &#8222;Bed-Ins&#8220; f\u00fcr den Frieden und der dabei spontan aufgenommene Song &#8222;Give Peace A Chance&#8220; hatten nachhaltige Wirkung und zementierten Lennons Ruf als Pazifist und Vordenker seiner Generation.<\/p>\n<p style=\"text-align: justify;\">Nach dem Ende der Beatles ver\u00f6ffentlichte John Lennon ein Album, das sich ausschlie\u00dflich der Aufarbeitung seiner pers\u00f6nlichen Traumata widmete. Dabei bekamen auch die Beatles und speziell Paul McCartney ihr Fett weg, dem Lennon nicht verzeihen konnte, eigenm\u00e4chtig das Ende der Beatles erkl\u00e4rt zu haben. So wurden in der erster Zeit nach dem Beatles-Ende gegenseitig Giftpfeile abgeschossen, die einen H\u00f6hepunkt in John Lennons &#8222;How Do You Sleep?&#8220; (1971) fanden. Doch Lennon selbst verk\u00fcndete 1973, dass die Wunden verheilt seien (vgl. Zitat der Startseite).<\/p>\n<p style=\"text-align: justify;\">Einen k\u00fcnstlerischen Tiefpunkt erreichte Lennon mit der Ver\u00f6ffentlichung von &#8222;Some Time In New York City&#8220;, gr\u00f6\u00dftenteils eine Ansammlung musikalisch halbgarer Polit-Statements. 1974, w\u00e4hrend der gemeinhin als &#8222;Lost Weekend&#8220; bekannten, 18 Monate w\u00e4hrenden Trennung von Yoko Ono nahm John Lennon mit &#8222;Walls And Bridges&#8220; wieder ein \u00e4u\u00dferst anspruchsvolles Album auf. Etwa ein Jahr sp\u00e4ter wurde John Lennons zweiter Sohn Sean geboren, der einzige Spr\u00f6\u00dfling aus der Ehe mit Yoko Ono. Zu diesem Zeitpunkt verordnete Lennon sich selbst eine Auszeit vom Musikbusiness. Nur sporadisch wagte er sich in die \u00d6ffentlichkeit und kehrte vollends erst wieder im November 1980 zur\u00fcck, mit dem neuen Album &#8222;Double Fantasy&#8220; im Gep\u00e4ck.<\/p>\n<p style=\"text-align: justify;\">Jener bittere Abend des 8. Dezember 1980 ver\u00e4nderte die Welt der Popmusik. Mit dem Mord an John Lennon wurde nicht nur auf brutale Weise das Leben eines Mannes beendet, der durch sein Wirken Millionen von Menschen Freude bereitete, sondern auch die weitere Entwicklung eines der bemerkenswertesten Musiker und Pers\u00f6nlichkeiten des 20. Jahrhunderts. Stille Hoffungen vieler Fans auf eine m\u00f6gliche Wiedervereinigung von John Lennon, Paul McCartney, George Harrison und Ringo Starr wurden endg\u00fcltig ausgel\u00f6scht.<\/p>\n<p style=\"text-align: justify;\">Heute sorgt Yoko Ono daf\u00fcr, dass die Erinnerung an John Lennon wach gehalten wird: manchmal durch fragw\u00fcrdige Vermarktung von Lennon-Devotionalien, aber auch immer wieder mal durch Ver\u00f6ffentlichung bisher unbekannter Aufnahmen, die uns stets vor Augen f\u00fchren, wie sehr uns John Lennon heute fehlt.<\/p>\n<p style=\"text-align: justify;\">\n<p style=\"text-align: justify;\"><strong>Bewertungsstufen der Alben:<\/strong><\/p>\n<p style=\"text-align: justify;\"><img decoding=\"async\" alt=\"\" src=\"http:\/\/www.ewetel.net\/%7Eansgar.bellersen\/bilder\/john.gif\" \/><img decoding=\"async\" alt=\"\" src=\"http:\/\/www.ewetel.net\/%7Eansgar.bellersen\/bilder\/john.gif\" \/><img decoding=\"async\" alt=\"\" src=\"http:\/\/www.ewetel.net\/%7Eansgar.bellersen\/bilder\/john.gif\" \/><img decoding=\"async\" alt=\"\" src=\"http:\/\/www.ewetel.net\/%7Eansgar.bellersen\/bilder\/john.gif\" \/><img decoding=\"async\" alt=\"\" src=\"http:\/\/www.ewetel.net\/%7Eansgar.bellersen\/bilder\/john.gif\" \/> = \u00dcberragende Arbeit, Meisterwerk<\/p>\n<p style=\"text-align: justify;\"><img decoding=\"async\" alt=\"\" src=\"http:\/\/www.ewetel.net\/%7Eansgar.bellersen\/bilder\/john.gif\" \/><img decoding=\"async\" alt=\"\" src=\"http:\/\/www.ewetel.net\/%7Eansgar.bellersen\/bilder\/john.gif\" \/><img decoding=\"async\" alt=\"\" src=\"http:\/\/www.ewetel.net\/%7Eansgar.bellersen\/bilder\/john.gif\" \/><img decoding=\"async\" alt=\"\" src=\"http:\/\/www.ewetel.net\/%7Eansgar.bellersen\/bilder\/john.gif\" \/> = Gutes Album ohne nennenswerte Einschr\u00e4nkung<\/p>\n<p style=\"text-align: justify;\"><img decoding=\"async\" alt=\"\" src=\"http:\/\/www.ewetel.net\/%7Eansgar.bellersen\/bilder\/john.gif\" \/><img decoding=\"async\" alt=\"\" src=\"http:\/\/www.ewetel.net\/%7Eansgar.bellersen\/bilder\/john.gif\" \/><img decoding=\"async\" alt=\"\" src=\"http:\/\/www.ewetel.net\/%7Eansgar.bellersen\/bilder\/john.gif\" \/> = Eher durchschnittlich mit einigen guten Momenten<\/p>\n<p style=\"text-align: justify;\"><img decoding=\"async\" alt=\"\" src=\"http:\/\/www.ewetel.net\/%7Eansgar.bellersen\/bilder\/john.gif\" \/><img decoding=\"async\" alt=\"\" src=\"http:\/\/www.ewetel.net\/%7Eansgar.bellersen\/bilder\/john.gif\" \/> = Wenig \u00fcberzeugend, deutliche Schwachpunkte<\/p>\n<p style=\"text-align: justify;\"><img decoding=\"async\" alt=\"\" src=\"http:\/\/www.ewetel.net\/%7Eansgar.bellersen\/bilder\/john.gif\" \/> = Entt\u00e4uschend, allenfalls f\u00fcr Sammler interessant<\/p>\n","protected":false},"excerpt":{"rendered":"<p>&#8222;Ich mag Musik aus der Perspektive der Ersten Person. Nun, ich habe alles m\u00f6gliche \u00fcber mich geschrieben und deswegen gef\u00e4llt es mir auch. Das bin ich. Und niemand sonst. Darum mag ich das &#8230; es handelt von mir und ehrlich &hellip; <a href=\"http:\/\/www.lmw-28if.de\/exbeatles\/?page_id=100\">Weiterlesen <span class=\"meta-nav\">&rarr;<\/span><\/a><\/p>\n","protected":false},"author":1,"featured_media":0,"parent":0,"menu_order":0,"comment_status":"closed","ping_status":"closed","template":"","meta":{"footnotes":""},"class_list":["post-100","page","type-page","status-publish","hentry"],"_links":{"self":[{"href":"http:\/\/www.lmw-28if.de\/exbeatles\/index.php?rest_route=\/wp\/v2\/pages\/100","targetHints":{"allow":["GET"]}}],"collection":[{"href":"http:\/\/www.lmw-28if.de\/exbeatles\/index.php?rest_route=\/wp\/v2\/pages"}],"about":[{"href":"http:\/\/www.lmw-28if.de\/exbeatles\/index.php?rest_route=\/wp\/v2\/types\/page"}],"author":[{"embeddable":true,"href":"http:\/\/www.lmw-28if.de\/exbeatles\/index.php?rest_route=\/wp\/v2\/users\/1"}],"replies":[{"embeddable":true,"href":"http:\/\/www.lmw-28if.de\/exbeatles\/index.php?rest_route=%2Fwp%2Fv2%2Fcomments&post=100"}],"version-history":[{"count":9,"href":"http:\/\/www.lmw-28if.de\/exbeatles\/index.php?rest_route=\/wp\/v2\/pages\/100\/revisions"}],"predecessor-version":[{"id":1344,"href":"http:\/\/www.lmw-28if.de\/exbeatles\/index.php?rest_route=\/wp\/v2\/pages\/100\/revisions\/1344"}],"wp:attachment":[{"href":"http:\/\/www.lmw-28if.de\/exbeatles\/index.php?rest_route=%2Fwp%2Fv2%2Fmedia&parent=100"}],"curies":[{"name":"wp","href":"https:\/\/api.w.org\/{rel}","templated":true}]}}